{"id":5652,"date":"2020-08-01T07:21:52","date_gmt":"2020-08-01T05:21:52","guid":{"rendered":"https:\/\/www.bionis.fr\/produit\/calientaplatos-thermoplate-s-plus\/"},"modified":"2023-09-17T10:39:45","modified_gmt":"2023-09-17T08:39:45","slug":"calientaplatos-thermoplate-s-plus","status":"publish","type":"product","link":"https:\/\/www.bionis.fr\/es\/produit\/calientaplatos-thermoplate-s-plus\/","title":{"rendered":"Calientaplatos Thermoplate S-Plus"},"content":{"rendered":"","protected":false},"excerpt":{"rendered":"<p><span style=\"color: #000000;\"><a style=\"color: #000000;\" href=\"https:\/\/www.bionis.fr\/wp-content\/uploads\/2020\/08\/Ficha_tecnica_Thermoplate_s_plus.pdf\">DESCARGAR DOCUMENTACI\u00d3N<\/a><\/span><\/p>\n<p><strong>Referencia: BS121.845<\/strong><\/p>\n<p>Con este aparato, puede obtener una <strong>temperatura de <\/strong>calentamiento <strong>uniforme<\/strong> en toda la superficie de la placa de cocci\u00f3n.<\/p>\n<p>El intervalo de temperatura oscila entre <strong>25 y 199\u00b0C<\/strong>.<\/p>\n<p>Un termostato mantiene la temperatura indicada en <em>+\/- 0,5\u00b0<\/em>.<\/p>\n<p>Tarda unos <strong>3 minutos<\/strong> en alcanzar los 150\u00b0C. 220V 60Hz<\/p>\n<p><strong>Nuevas funciones:<\/strong><\/p>\n<p>-De verde a rojo a medida que suben las temperaturas<\/p>\n<p>&#8211; Funci\u00f3n de temporizador con se\u00f1al ac\u00fastica<\/p>\n<p>&#8211; Control de programas con almacenamiento de hasta 9 programas<\/p>\n","protected":false},"featured_media":3746,"template":"","meta":[],"product_brand":[],"product_cat":[209,178],"product_tag":[],"class_list":{"0":"post-5652","1":"product","2":"type-product","3":"status-publish","4":"has-post-thumbnail","6":"product_cat-derivacion","7":"product_cat-revelacion","9":"first","10":"instock","11":"taxable","12":"shipping-taxable","13":"product-type-simple"},"yoast_head":"<!-- This site is optimized with the Yoast SEO plugin v27.5 - https:\/\/yoast.com\/product\/yoast-seo-wordpress\/ -->\n<title>Calientaplatos Thermoplate S-Plus - Bionis<\/title>\n<meta name=\"description\" content=\"Calientaplatos Thermoplate S-Plus DESCARGAR DOCUMENTACI\u00d3N  Referencia: BS121.845  Con este aparato, puede obtener una temperatura de calentamiento uniforme en toda la superficie de la placa de cocci\u00f3n.  El intervalo de temperatura oscila entre 25 y 199\u00b0C.  Un termostato mantiene la temperatura indicada en +\/- 0,5\u00b0.  Tarda unos 3 minutos en alcanzar los 150\u00b0C. 220V 60Hz  Nuevas funciones:  -De verde a rojo a medida que suben las temperaturas  - Funci\u00f3n de temporizador con se\u00f1al ac\u00fastica  - Control de programas con almacenamiento de hasta 9 programas\" \/>\n<meta name=\"robots\" content=\"index, follow, max-snippet:-1, max-image-preview:large, max-video-preview:-1\" \/>\n<link rel=\"canonical\" href=\"https:\/\/www.bionis.fr\/es\/produit\/calientaplatos-thermoplate-s-plus\/\" \/>\n<meta property=\"og:locale\" content=\"es_ES\" \/>\n<meta property=\"og:type\" content=\"article\" \/>\n<meta property=\"og:title\" content=\"Calientaplatos Thermoplate S-Plus - Bionis\" \/>\n<meta property=\"og:description\" content=\"Calientaplatos Thermoplate S-Plus DESCARGAR DOCUMENTACI\u00d3N  Referencia: BS121.845  Con este aparato, puede obtener una temperatura de calentamiento uniforme en toda la superficie de la placa de cocci\u00f3n.  El intervalo de temperatura oscila entre 25 y 199\u00b0C.  Un termostato mantiene la temperatura indicada en +\/- 0,5\u00b0.  Tarda unos 3 minutos en alcanzar los 150\u00b0C. 220V 60Hz  Nuevas funciones:  -De verde a rojo a medida que suben las temperaturas  - Funci\u00f3n de temporizador con se\u00f1al ac\u00fastica  - Control de programas con almacenamiento de hasta 9 programas\" \/>\n<meta property=\"og:url\" content=\"https:\/\/www.bionis.fr\/es\/produit\/calientaplatos-thermoplate-s-plus\/\" \/>\n<meta property=\"og:site_name\" content=\"Bionis\" \/>\n<meta property=\"article:modified_time\" content=\"2023-09-17T08:39:45+00:00\" \/>\n<meta property=\"og:image\" content=\"https:\/\/www.bionis.fr\/wp-content\/uploads\/2020\/08\/700x700_Thermoplate-Splus.png\" \/>\n\t<meta property=\"og:image:width\" content=\"700\" \/>\n\t<meta property=\"og:image:height\" content=\"700\" \/>\n\t<meta property=\"og:image:type\" content=\"image\/png\" \/>\n<meta name=\"twitter:card\" content=\"summary_large_image\" \/>\n<script type=\"application\/ld+json\" class=\"yoast-schema-graph\">{\"@context\":\"https:\\\/\\\/schema.org\",\"@graph\":[{\"@type\":\"WebPage\",\"@id\":\"https:\\\/\\\/www.bionis.fr\\\/es\\\/produit\\\/calientaplatos-thermoplate-s-plus\\\/\",\"url\":\"https:\\\/\\\/www.bionis.fr\\\/es\\\/produit\\\/calientaplatos-thermoplate-s-plus\\\/\",\"name\":\"Calientaplatos Thermoplate S-Plus - Bionis\",\"isPartOf\":{\"@id\":\"https:\\\/\\\/www.bionis.fr\\\/#website\"},\"primaryImageOfPage\":{\"@id\":\"https:\\\/\\\/www.bionis.fr\\\/es\\\/produit\\\/calientaplatos-thermoplate-s-plus\\\/#primaryimage\"},\"image\":{\"@id\":\"https:\\\/\\\/www.bionis.fr\\\/es\\\/produit\\\/calientaplatos-thermoplate-s-plus\\\/#primaryimage\"},\"thumbnailUrl\":\"https:\\\/\\\/www.bionis.fr\\\/wp-content\\\/uploads\\\/2020\\\/08\\\/700x700_Thermoplate-Splus.png\",\"datePublished\":\"2020-08-01T05:21:52+00:00\",\"dateModified\":\"2023-09-17T08:39:45+00:00\",\"description\":\"Calientaplatos Thermoplate S-Plus DESCARGAR DOCUMENTACI\u00d3N Referencia: BS121.845 Con este aparato, puede obtener una temperatura de calentamiento uniforme en toda la superficie de la placa de cocci\u00f3n. El intervalo de temperatura oscila entre 25 y 199\u00b0C. Un termostato mantiene la temperatura indicada en +\\\/- 0,5\u00b0. Tarda unos 3 minutos en alcanzar los 150\u00b0C. 220V 60Hz Nuevas funciones: -De verde a rojo a medida que suben las temperaturas - Funci\u00f3n de temporizador con se\u00f1al ac\u00fastica - Control de programas con almacenamiento de hasta 9 programas\",\"breadcrumb\":{\"@id\":\"https:\\\/\\\/www.bionis.fr\\\/es\\\/produit\\\/calientaplatos-thermoplate-s-plus\\\/#breadcrumb\"},\"inLanguage\":\"es\",\"potentialAction\":[{\"@type\":\"ReadAction\",\"target\":[\"https:\\\/\\\/www.bionis.fr\\\/es\\\/produit\\\/calientaplatos-thermoplate-s-plus\\\/\"]}]},{\"@type\":\"ImageObject\",\"inLanguage\":\"es\",\"@id\":\"https:\\\/\\\/www.bionis.fr\\\/es\\\/produit\\\/calientaplatos-thermoplate-s-plus\\\/#primaryimage\",\"url\":\"https:\\\/\\\/www.bionis.fr\\\/wp-content\\\/uploads\\\/2020\\\/08\\\/700x700_Thermoplate-Splus.png\",\"contentUrl\":\"https:\\\/\\\/www.bionis.fr\\\/wp-content\\\/uploads\\\/2020\\\/08\\\/700x700_Thermoplate-Splus.png\",\"width\":700,\"height\":700,\"caption\":\"para cromatograf\u00eda en capa fina\"},{\"@type\":\"BreadcrumbList\",\"@id\":\"https:\\\/\\\/www.bionis.fr\\\/es\\\/produit\\\/calientaplatos-thermoplate-s-plus\\\/#breadcrumb\",\"itemListElement\":[{\"@type\":\"ListItem\",\"position\":1,\"name\":\"Accueil\",\"item\":\"https:\\\/\\\/www.bionis.fr\\\/es\\\/\"},{\"@type\":\"ListItem\",\"position\":2,\"name\":\"Productos\",\"item\":\"https:\\\/\\\/www.bionis.fr\\\/es\\\/tienda\\\/\"},{\"@type\":\"ListItem\",\"position\":3,\"name\":\"Calientaplatos Thermoplate S-Plus\"}]},{\"@type\":\"WebSite\",\"@id\":\"https:\\\/\\\/www.bionis.fr\\\/#website\",\"url\":\"https:\\\/\\\/www.bionis.fr\\\/\",\"name\":\"Bionis\",\"description\":\"La soluci\u00f3n de cromatograf\u00eda en capa fina\",\"publisher\":{\"@id\":\"https:\\\/\\\/www.bionis.fr\\\/#organization\"},\"potentialAction\":[{\"@type\":\"SearchAction\",\"target\":{\"@type\":\"EntryPoint\",\"urlTemplate\":\"https:\\\/\\\/www.bionis.fr\\\/?s={search_term_string}\"},\"query-input\":{\"@type\":\"PropertyValueSpecification\",\"valueRequired\":true,\"valueName\":\"search_term_string\"}}],\"inLanguage\":\"es\"},{\"@type\":\"Organization\",\"@id\":\"https:\\\/\\\/www.bionis.fr\\\/#organization\",\"name\":\"Bionis\",\"url\":\"https:\\\/\\\/www.bionis.fr\\\/\",\"logo\":{\"@type\":\"ImageObject\",\"inLanguage\":\"es\",\"@id\":\"https:\\\/\\\/www.bionis.fr\\\/#\\\/schema\\\/logo\\\/image\\\/\",\"url\":\"https:\\\/\\\/www.bionis.fr\\\/wp-content\\\/uploads\\\/2020\\\/07\\\/bionis-logo.png\",\"contentUrl\":\"https:\\\/\\\/www.bionis.fr\\\/wp-content\\\/uploads\\\/2020\\\/07\\\/bionis-logo.png\",\"width\":500,\"height\":125,\"caption\":\"Bionis\"},\"image\":{\"@id\":\"https:\\\/\\\/www.bionis.fr\\\/#\\\/schema\\\/logo\\\/image\\\/\"},\"sameAs\":[\"https:\\\/\\\/www.linkedin.com\\\/company\\\/bionis-sas?originalSubdomain=fr\"]}]}<\/script>\n<!-- \/ Yoast SEO plugin. -->","yoast_head_json":{"title":"Calientaplatos Thermoplate S-Plus - Bionis","description":"Calientaplatos Thermoplate S-Plus DESCARGAR DOCUMENTACI\u00d3N  Referencia: BS121.845  Con este aparato, puede obtener una temperatura de calentamiento uniforme en toda la superficie de la placa de cocci\u00f3n.  El intervalo de temperatura oscila entre 25 y 199\u00b0C.  Un termostato mantiene la temperatura indicada en +\/- 0,5\u00b0.  Tarda unos 3 minutos en alcanzar los 150\u00b0C. 220V 60Hz  Nuevas funciones:  -De verde a rojo a medida que suben las temperaturas  - Funci\u00f3n de temporizador con se\u00f1al ac\u00fastica  - Control de programas con almacenamiento de hasta 9 programas","robots":{"index":"index","follow":"follow","max-snippet":"max-snippet:-1","max-image-preview":"max-image-preview:large","max-video-preview":"max-video-preview:-1"},"canonical":"https:\/\/www.bionis.fr\/es\/produit\/calientaplatos-thermoplate-s-plus\/","og_locale":"es_ES","og_type":"article","og_title":"Calientaplatos Thermoplate S-Plus - Bionis","og_description":"Calientaplatos Thermoplate S-Plus DESCARGAR DOCUMENTACI\u00d3N  Referencia: BS121.845  Con este aparato, puede obtener una temperatura de calentamiento uniforme en toda la superficie de la placa de cocci\u00f3n.  El intervalo de temperatura oscila entre 25 y 199\u00b0C.  Un termostato mantiene la temperatura indicada en +\/- 0,5\u00b0.  Tarda unos 3 minutos en alcanzar los 150\u00b0C. 220V 60Hz  Nuevas funciones:  -De verde a rojo a medida que suben las temperaturas  - Funci\u00f3n de temporizador con se\u00f1al ac\u00fastica  - Control de programas con almacenamiento de hasta 9 programas","og_url":"https:\/\/www.bionis.fr\/es\/produit\/calientaplatos-thermoplate-s-plus\/","og_site_name":"Bionis","article_modified_time":"2023-09-17T08:39:45+00:00","og_image":[{"width":700,"height":700,"url":"https:\/\/www.bionis.fr\/wp-content\/uploads\/2020\/08\/700x700_Thermoplate-Splus.png","type":"image\/png"}],"twitter_card":"summary_large_image","schema":{"@context":"https:\/\/schema.org","@graph":[{"@type":"WebPage","@id":"https:\/\/www.bionis.fr\/es\/produit\/calientaplatos-thermoplate-s-plus\/","url":"https:\/\/www.bionis.fr\/es\/produit\/calientaplatos-thermoplate-s-plus\/","name":"Calientaplatos Thermoplate S-Plus - Bionis","isPartOf":{"@id":"https:\/\/www.bionis.fr\/#website"},"primaryImageOfPage":{"@id":"https:\/\/www.bionis.fr\/es\/produit\/calientaplatos-thermoplate-s-plus\/#primaryimage"},"image":{"@id":"https:\/\/www.bionis.fr\/es\/produit\/calientaplatos-thermoplate-s-plus\/#primaryimage"},"thumbnailUrl":"https:\/\/www.bionis.fr\/wp-content\/uploads\/2020\/08\/700x700_Thermoplate-Splus.png","datePublished":"2020-08-01T05:21:52+00:00","dateModified":"2023-09-17T08:39:45+00:00","description":"Calientaplatos Thermoplate S-Plus DESCARGAR DOCUMENTACI\u00d3N Referencia: BS121.845 Con este aparato, puede obtener una temperatura de calentamiento uniforme en toda la superficie de la placa de cocci\u00f3n. El intervalo de temperatura oscila entre 25 y 199\u00b0C. Un termostato mantiene la temperatura indicada en +\/- 0,5\u00b0. Tarda unos 3 minutos en alcanzar los 150\u00b0C. 220V 60Hz Nuevas funciones: -De verde a rojo a medida que suben las temperaturas - Funci\u00f3n de temporizador con se\u00f1al ac\u00fastica - Control de programas con almacenamiento de hasta 9 programas","breadcrumb":{"@id":"https:\/\/www.bionis.fr\/es\/produit\/calientaplatos-thermoplate-s-plus\/#breadcrumb"},"inLanguage":"es","potentialAction":[{"@type":"ReadAction","target":["https:\/\/www.bionis.fr\/es\/produit\/calientaplatos-thermoplate-s-plus\/"]}]},{"@type":"ImageObject","inLanguage":"es","@id":"https:\/\/www.bionis.fr\/es\/produit\/calientaplatos-thermoplate-s-plus\/#primaryimage","url":"https:\/\/www.bionis.fr\/wp-content\/uploads\/2020\/08\/700x700_Thermoplate-Splus.png","contentUrl":"https:\/\/www.bionis.fr\/wp-content\/uploads\/2020\/08\/700x700_Thermoplate-Splus.png","width":700,"height":700,"caption":"para cromatograf\u00eda en capa fina"},{"@type":"BreadcrumbList","@id":"https:\/\/www.bionis.fr\/es\/produit\/calientaplatos-thermoplate-s-plus\/#breadcrumb","itemListElement":[{"@type":"ListItem","position":1,"name":"Accueil","item":"https:\/\/www.bionis.fr\/es\/"},{"@type":"ListItem","position":2,"name":"Productos","item":"https:\/\/www.bionis.fr\/es\/tienda\/"},{"@type":"ListItem","position":3,"name":"Calientaplatos Thermoplate S-Plus"}]},{"@type":"WebSite","@id":"https:\/\/www.bionis.fr\/#website","url":"https:\/\/www.bionis.fr\/","name":"Bionis","description":"La soluci\u00f3n de cromatograf\u00eda en capa fina","publisher":{"@id":"https:\/\/www.bionis.fr\/#organization"},"potentialAction":[{"@type":"SearchAction","target":{"@type":"EntryPoint","urlTemplate":"https:\/\/www.bionis.fr\/?s={search_term_string}"},"query-input":{"@type":"PropertyValueSpecification","valueRequired":true,"valueName":"search_term_string"}}],"inLanguage":"es"},{"@type":"Organization","@id":"https:\/\/www.bionis.fr\/#organization","name":"Bionis","url":"https:\/\/www.bionis.fr\/","logo":{"@type":"ImageObject","inLanguage":"es","@id":"https:\/\/www.bionis.fr\/#\/schema\/logo\/image\/","url":"https:\/\/www.bionis.fr\/wp-content\/uploads\/2020\/07\/bionis-logo.png","contentUrl":"https:\/\/www.bionis.fr\/wp-content\/uploads\/2020\/07\/bionis-logo.png","width":500,"height":125,"caption":"Bionis"},"image":{"@id":"https:\/\/www.bionis.fr\/#\/schema\/logo\/image\/"},"sameAs":["https:\/\/www.linkedin.com\/company\/bionis-sas?originalSubdomain=fr"]}]}},"_links":{"self":[{"href":"https:\/\/www.bionis.fr\/es\/wp-json\/wp\/v2\/product\/5652","targetHints":{"allow":["GET"]}}],"collection":[{"href":"https:\/\/www.bionis.fr\/es\/wp-json\/wp\/v2\/product"}],"about":[{"href":"https:\/\/www.bionis.fr\/es\/wp-json\/wp\/v2\/types\/product"}],"wp:featuredmedia":[{"embeddable":true,"href":"https:\/\/www.bionis.fr\/es\/wp-json\/wp\/v2\/media\/3746"}],"wp:attachment":[{"href":"https:\/\/www.bionis.fr\/es\/wp-json\/wp\/v2\/media?parent=5652"}],"wp:term":[{"taxonomy":"product_brand","embeddable":true,"href":"https:\/\/www.bionis.fr\/es\/wp-json\/wp\/v2\/product_brand?post=5652"},{"taxonomy":"product_cat","embeddable":true,"href":"https:\/\/www.bionis.fr\/es\/wp-json\/wp\/v2\/product_cat?post=5652"},{"taxonomy":"product_tag","embeddable":true,"href":"https:\/\/www.bionis.fr\/es\/wp-json\/wp\/v2\/product_tag?post=5652"}],"curies":[{"name":"wp","href":"https:\/\/api.w.org\/{rel}","templated":true}]}}