{"id":5710,"date":"2020-07-30T15:11:23","date_gmt":"2020-07-30T13:11:23","guid":{"rendered":"https:\/\/www.bionis.fr\/produit\/deposito-de-migracion-con-ranura-central-200x200-mm-tapa-lisa\/"},"modified":"2023-09-30T15:56:36","modified_gmt":"2023-09-30T13:56:36","slug":"tanque-ccf-200x200-mm-tapa-lisa","status":"publish","type":"product","link":"https:\/\/www.bionis.fr\/es\/produit\/tanque-ccf-200x200-mm-tapa-lisa\/","title":{"rendered":"Tanque CCF 200&#215;200 mm tapa lisa"},"content":{"rendered":"<p>El\u00a0 <strong>Tanque CCF 200&#215;200 mm tapa lisa<\/strong> para placas 200x200mm es una de las m\u00e1s utilizadas en el mundo.<\/p>\n<p>Su robusta construcci\u00f3n de vidrio de borosilicato 3.3 hace que el <strong>Tanque CCF 200&#215;200 mm tapa lisa<\/strong> para placas 200x200mm sea extremadamente duradera.<br \/>\nMuy f\u00e1cil de usar, es la herramienta de referencia para cualquier migraci\u00f3n CCF.<br \/>\nSu base interna de dos partes permite colocar las placas de CCF m\u00e1s verticalmente que en otros tanques de migraci\u00f3n.<\/p>\n<p>Una vez aplicada la muestra y\/o el patr\u00f3n, tiene lugar el proceso de separaci\u00f3n para descubrir los componentes de las sustancias aplicadas. Para lograr este objetivo, las c\u00e1maras de separaci\u00f3n deben cumplir varios requisitos:<br \/>\n&#8211; Deben contener la fase m\u00f3vil y alimentarla a la capa absorbente.<br \/>\n&#8211; Deben estar provistas de una tapa herm\u00e9ticamente cerrada para garantizar que el compartimento de gas pueda saturarse con vapor de disolvente en caso necesario (trabajo con saturaci\u00f3n de la c\u00e1mara).<br \/>\n&#8211; El frente del disolvente debe ser visible, de ah\u00ed la importancia de un material transparente.<br \/>\n&#8211; El material debe ser qu\u00edmicamente resistente y f\u00e1cil de limpiar.<\/p>\n<p>La <strong>C\u00e1mara CCF con Tapa de Vidrio 200\u00d7200 mm<\/strong> cumple todos estos requisitos.<\/p>\n<p>Generalmente se utiliza con un <a href=\"https:\/\/www.bionis.fr\/es\/produit\/filtro-de-papel-para-saturacion-de-depositos-180x75-mm\/\">papel de filtro CCF<\/a> para una mejor y m\u00e1s r\u00e1pida saturaci\u00f3n de la atm\u00f3sfera.<\/p>\n<p>La segunda parte interna de la c\u00e1mara puede utilizarse para separar eficazmente la hoja de papel de saturaci\u00f3n de la placa de TLC.<\/p>\n","protected":false},"excerpt":{"rendered":"<p>Referencia: BS120.173A<\/p>\n<p>Tanque vertical est\u00e1ndar con ranura central<\/p>\n<p>Material vidrio borosilicato 3.3, para todas las placas hasta 200 x 200 mm<\/p>\n<p>Se puede instalar un sistema Latch-Lid para un cierre perfecto.<\/p>\n","protected":false},"featured_media":6459,"template":"","meta":[],"product_brand":[],"product_cat":[230],"product_tag":[],"class_list":{"0":"post-5710","1":"product","2":"type-product","3":"status-publish","4":"has-post-thumbnail","6":"product_cat-depositos-de-migracion-estandar","8":"first","9":"instock","10":"taxable","11":"shipping-taxable","12":"product-type-simple"},"yoast_head":"<!-- This site is optimized with the Yoast SEO plugin v27.4 - https:\/\/yoast.com\/product\/yoast-seo-wordpress\/ -->\n<title>Tanque CCF 200x200 mm tapa lisa - Bionis<\/title>\n<meta name=\"description\" content=\"Tanque CCF 200x200 mm tapa lisa - Tanque vertical est\u00e1ndar con ranura central - Material vidrio borosilicato 3.3, para todas las placas hasta 200 x 200 mm\" \/>\n<meta name=\"robots\" content=\"index, follow, max-snippet:-1, max-image-preview:large, max-video-preview:-1\" \/>\n<link rel=\"canonical\" href=\"https:\/\/www.bionis.fr\/es\/produit\/tanque-ccf-200x200-mm-tapa-lisa\/\" \/>\n<meta property=\"og:locale\" content=\"es_ES\" \/>\n<meta property=\"og:type\" content=\"article\" \/>\n<meta property=\"og:title\" content=\"Tanque CCF 200x200 mm tapa lisa - Bionis\" \/>\n<meta property=\"og:description\" content=\"Tanque CCF 200x200 mm tapa lisa - Tanque vertical est\u00e1ndar con ranura central - Material vidrio borosilicato 3.3, para todas las placas hasta 200 x 200 mm\" \/>\n<meta property=\"og:url\" content=\"https:\/\/www.bionis.fr\/es\/produit\/tanque-ccf-200x200-mm-tapa-lisa\/\" \/>\n<meta property=\"og:site_name\" content=\"Bionis\" \/>\n<meta property=\"article:modified_time\" content=\"2023-09-30T13:56:36+00:00\" \/>\n<meta property=\"og:image\" content=\"https:\/\/www.bionis.fr\/wp-content\/uploads\/2020\/07\/700x700_BS120_173A.png\" \/>\n\t<meta property=\"og:image:width\" content=\"700\" \/>\n\t<meta property=\"og:image:height\" content=\"700\" \/>\n\t<meta property=\"og:image:type\" content=\"image\/png\" \/>\n<meta name=\"twitter:card\" content=\"summary_large_image\" \/>\n<meta name=\"twitter:label1\" content=\"Tiempo de lectura\" \/>\n\t<meta name=\"twitter:data1\" content=\"2 minutos\" \/>\n<script type=\"application\/ld+json\" class=\"yoast-schema-graph\">{\"@context\":\"https:\\\/\\\/schema.org\",\"@graph\":[{\"@type\":\"WebPage\",\"@id\":\"https:\\\/\\\/www.bionis.fr\\\/es\\\/produit\\\/tanque-ccf-200x200-mm-tapa-lisa\\\/\",\"url\":\"https:\\\/\\\/www.bionis.fr\\\/es\\\/produit\\\/tanque-ccf-200x200-mm-tapa-lisa\\\/\",\"name\":\"Tanque CCF 200x200 mm tapa lisa - Bionis\",\"isPartOf\":{\"@id\":\"https:\\\/\\\/www.bionis.fr\\\/#website\"},\"primaryImageOfPage\":{\"@id\":\"https:\\\/\\\/www.bionis.fr\\\/es\\\/produit\\\/tanque-ccf-200x200-mm-tapa-lisa\\\/#primaryimage\"},\"image\":{\"@id\":\"https:\\\/\\\/www.bionis.fr\\\/es\\\/produit\\\/tanque-ccf-200x200-mm-tapa-lisa\\\/#primaryimage\"},\"thumbnailUrl\":\"https:\\\/\\\/www.bionis.fr\\\/wp-content\\\/uploads\\\/2020\\\/07\\\/700x700_BS120_173A.png\",\"datePublished\":\"2020-07-30T13:11:23+00:00\",\"dateModified\":\"2023-09-30T13:56:36+00:00\",\"description\":\"Tanque CCF 200x200 mm tapa lisa - Tanque vertical est\u00e1ndar con ranura central - Material vidrio borosilicato 3.3, para todas las placas hasta 200 x 200 mm\",\"breadcrumb\":{\"@id\":\"https:\\\/\\\/www.bionis.fr\\\/es\\\/produit\\\/tanque-ccf-200x200-mm-tapa-lisa\\\/#breadcrumb\"},\"inLanguage\":\"es\",\"potentialAction\":[{\"@type\":\"ReadAction\",\"target\":[\"https:\\\/\\\/www.bionis.fr\\\/es\\\/produit\\\/tanque-ccf-200x200-mm-tapa-lisa\\\/\"]}]},{\"@type\":\"ImageObject\",\"inLanguage\":\"es\",\"@id\":\"https:\\\/\\\/www.bionis.fr\\\/es\\\/produit\\\/tanque-ccf-200x200-mm-tapa-lisa\\\/#primaryimage\",\"url\":\"https:\\\/\\\/www.bionis.fr\\\/wp-content\\\/uploads\\\/2020\\\/07\\\/700x700_BS120_173A.png\",\"contentUrl\":\"https:\\\/\\\/www.bionis.fr\\\/wp-content\\\/uploads\\\/2020\\\/07\\\/700x700_BS120_173A.png\",\"width\":700,\"height\":700,\"caption\":\"Tanque CCF 200x200 mm tapa lisa\"},{\"@type\":\"BreadcrumbList\",\"@id\":\"https:\\\/\\\/www.bionis.fr\\\/es\\\/produit\\\/tanque-ccf-200x200-mm-tapa-lisa\\\/#breadcrumb\",\"itemListElement\":[{\"@type\":\"ListItem\",\"position\":1,\"name\":\"Accueil\",\"item\":\"https:\\\/\\\/www.bionis.fr\\\/es\\\/\"},{\"@type\":\"ListItem\",\"position\":2,\"name\":\"Productos\",\"item\":\"https:\\\/\\\/www.bionis.fr\\\/es\\\/tienda\\\/\"},{\"@type\":\"ListItem\",\"position\":3,\"name\":\"Tanque CCF 200&#215;200 mm tapa lisa\"}]},{\"@type\":\"WebSite\",\"@id\":\"https:\\\/\\\/www.bionis.fr\\\/#website\",\"url\":\"https:\\\/\\\/www.bionis.fr\\\/\",\"name\":\"Bionis\",\"description\":\"La soluci\u00f3n de cromatograf\u00eda en capa fina\",\"publisher\":{\"@id\":\"https:\\\/\\\/www.bionis.fr\\\/#organization\"},\"potentialAction\":[{\"@type\":\"SearchAction\",\"target\":{\"@type\":\"EntryPoint\",\"urlTemplate\":\"https:\\\/\\\/www.bionis.fr\\\/?s={search_term_string}\"},\"query-input\":{\"@type\":\"PropertyValueSpecification\",\"valueRequired\":true,\"valueName\":\"search_term_string\"}}],\"inLanguage\":\"es\"},{\"@type\":\"Organization\",\"@id\":\"https:\\\/\\\/www.bionis.fr\\\/#organization\",\"name\":\"Bionis\",\"url\":\"https:\\\/\\\/www.bionis.fr\\\/\",\"logo\":{\"@type\":\"ImageObject\",\"inLanguage\":\"es\",\"@id\":\"https:\\\/\\\/www.bionis.fr\\\/#\\\/schema\\\/logo\\\/image\\\/\",\"url\":\"https:\\\/\\\/www.bionis.fr\\\/wp-content\\\/uploads\\\/2020\\\/07\\\/bionis-logo.png\",\"contentUrl\":\"https:\\\/\\\/www.bionis.fr\\\/wp-content\\\/uploads\\\/2020\\\/07\\\/bionis-logo.png\",\"width\":500,\"height\":125,\"caption\":\"Bionis\"},\"image\":{\"@id\":\"https:\\\/\\\/www.bionis.fr\\\/#\\\/schema\\\/logo\\\/image\\\/\"},\"sameAs\":[\"https:\\\/\\\/www.linkedin.com\\\/company\\\/bionis-sas?originalSubdomain=fr\"]}]}<\/script>\n<!-- \/ Yoast SEO plugin. -->","yoast_head_json":{"title":"Tanque CCF 200x200 mm tapa lisa - Bionis","description":"Tanque CCF 200x200 mm tapa lisa - Tanque vertical est\u00e1ndar con ranura central - Material vidrio borosilicato 3.3, para todas las placas hasta 200 x 200 mm","robots":{"index":"index","follow":"follow","max-snippet":"max-snippet:-1","max-image-preview":"max-image-preview:large","max-video-preview":"max-video-preview:-1"},"canonical":"https:\/\/www.bionis.fr\/es\/produit\/tanque-ccf-200x200-mm-tapa-lisa\/","og_locale":"es_ES","og_type":"article","og_title":"Tanque CCF 200x200 mm tapa lisa - Bionis","og_description":"Tanque CCF 200x200 mm tapa lisa - Tanque vertical est\u00e1ndar con ranura central - Material vidrio borosilicato 3.3, para todas las placas hasta 200 x 200 mm","og_url":"https:\/\/www.bionis.fr\/es\/produit\/tanque-ccf-200x200-mm-tapa-lisa\/","og_site_name":"Bionis","article_modified_time":"2023-09-30T13:56:36+00:00","og_image":[{"width":700,"height":700,"url":"https:\/\/www.bionis.fr\/wp-content\/uploads\/2020\/07\/700x700_BS120_173A.png","type":"image\/png"}],"twitter_card":"summary_large_image","twitter_misc":{"Tiempo de lectura":"2 minutos"},"schema":{"@context":"https:\/\/schema.org","@graph":[{"@type":"WebPage","@id":"https:\/\/www.bionis.fr\/es\/produit\/tanque-ccf-200x200-mm-tapa-lisa\/","url":"https:\/\/www.bionis.fr\/es\/produit\/tanque-ccf-200x200-mm-tapa-lisa\/","name":"Tanque CCF 200x200 mm tapa lisa - Bionis","isPartOf":{"@id":"https:\/\/www.bionis.fr\/#website"},"primaryImageOfPage":{"@id":"https:\/\/www.bionis.fr\/es\/produit\/tanque-ccf-200x200-mm-tapa-lisa\/#primaryimage"},"image":{"@id":"https:\/\/www.bionis.fr\/es\/produit\/tanque-ccf-200x200-mm-tapa-lisa\/#primaryimage"},"thumbnailUrl":"https:\/\/www.bionis.fr\/wp-content\/uploads\/2020\/07\/700x700_BS120_173A.png","datePublished":"2020-07-30T13:11:23+00:00","dateModified":"2023-09-30T13:56:36+00:00","description":"Tanque CCF 200x200 mm tapa lisa - Tanque vertical est\u00e1ndar con ranura central - Material vidrio borosilicato 3.3, para todas las placas hasta 200 x 200 mm","breadcrumb":{"@id":"https:\/\/www.bionis.fr\/es\/produit\/tanque-ccf-200x200-mm-tapa-lisa\/#breadcrumb"},"inLanguage":"es","potentialAction":[{"@type":"ReadAction","target":["https:\/\/www.bionis.fr\/es\/produit\/tanque-ccf-200x200-mm-tapa-lisa\/"]}]},{"@type":"ImageObject","inLanguage":"es","@id":"https:\/\/www.bionis.fr\/es\/produit\/tanque-ccf-200x200-mm-tapa-lisa\/#primaryimage","url":"https:\/\/www.bionis.fr\/wp-content\/uploads\/2020\/07\/700x700_BS120_173A.png","contentUrl":"https:\/\/www.bionis.fr\/wp-content\/uploads\/2020\/07\/700x700_BS120_173A.png","width":700,"height":700,"caption":"Tanque CCF 200x200 mm tapa lisa"},{"@type":"BreadcrumbList","@id":"https:\/\/www.bionis.fr\/es\/produit\/tanque-ccf-200x200-mm-tapa-lisa\/#breadcrumb","itemListElement":[{"@type":"ListItem","position":1,"name":"Accueil","item":"https:\/\/www.bionis.fr\/es\/"},{"@type":"ListItem","position":2,"name":"Productos","item":"https:\/\/www.bionis.fr\/es\/tienda\/"},{"@type":"ListItem","position":3,"name":"Tanque CCF 200&#215;200 mm tapa lisa"}]},{"@type":"WebSite","@id":"https:\/\/www.bionis.fr\/#website","url":"https:\/\/www.bionis.fr\/","name":"Bionis","description":"La soluci\u00f3n de cromatograf\u00eda en capa fina","publisher":{"@id":"https:\/\/www.bionis.fr\/#organization"},"potentialAction":[{"@type":"SearchAction","target":{"@type":"EntryPoint","urlTemplate":"https:\/\/www.bionis.fr\/?s={search_term_string}"},"query-input":{"@type":"PropertyValueSpecification","valueRequired":true,"valueName":"search_term_string"}}],"inLanguage":"es"},{"@type":"Organization","@id":"https:\/\/www.bionis.fr\/#organization","name":"Bionis","url":"https:\/\/www.bionis.fr\/","logo":{"@type":"ImageObject","inLanguage":"es","@id":"https:\/\/www.bionis.fr\/#\/schema\/logo\/image\/","url":"https:\/\/www.bionis.fr\/wp-content\/uploads\/2020\/07\/bionis-logo.png","contentUrl":"https:\/\/www.bionis.fr\/wp-content\/uploads\/2020\/07\/bionis-logo.png","width":500,"height":125,"caption":"Bionis"},"image":{"@id":"https:\/\/www.bionis.fr\/#\/schema\/logo\/image\/"},"sameAs":["https:\/\/www.linkedin.com\/company\/bionis-sas?originalSubdomain=fr"]}]}},"_links":{"self":[{"href":"https:\/\/www.bionis.fr\/es\/wp-json\/wp\/v2\/product\/5710","targetHints":{"allow":["GET"]}}],"collection":[{"href":"https:\/\/www.bionis.fr\/es\/wp-json\/wp\/v2\/product"}],"about":[{"href":"https:\/\/www.bionis.fr\/es\/wp-json\/wp\/v2\/types\/product"}],"wp:featuredmedia":[{"embeddable":true,"href":"https:\/\/www.bionis.fr\/es\/wp-json\/wp\/v2\/media\/6459"}],"wp:attachment":[{"href":"https:\/\/www.bionis.fr\/es\/wp-json\/wp\/v2\/media?parent=5710"}],"wp:term":[{"taxonomy":"product_brand","embeddable":true,"href":"https:\/\/www.bionis.fr\/es\/wp-json\/wp\/v2\/product_brand?post=5710"},{"taxonomy":"product_cat","embeddable":true,"href":"https:\/\/www.bionis.fr\/es\/wp-json\/wp\/v2\/product_cat?post=5710"},{"taxonomy":"product_tag","embeddable":true,"href":"https:\/\/www.bionis.fr\/es\/wp-json\/wp\/v2\/product_tag?post=5710"}],"curies":[{"name":"wp","href":"https:\/\/api.w.org\/{rel}","templated":true}]}}