{"id":5719,"date":"2020-07-30T13:30:08","date_gmt":"2020-07-30T11:30:08","guid":{"rendered":"https:\/\/www.bionis.fr\/produit\/plantilla-de-solicitud-y-evaluacion-200x200-mm\/"},"modified":"2023-09-13T14:54:31","modified_gmt":"2023-09-13T12:54:31","slug":"plantilla-de-solicitud-y-evaluacion-200x200-mm","status":"publish","type":"product","link":"https:\/\/www.bionis.fr\/es\/produit\/plantilla-de-solicitud-y-evaluacion-200x200-mm\/","title":{"rendered":"Plantilla de aplicaci\u00f3n y evaluaci\u00f3n 200&#215;200 mm"},"content":{"rendered":"","protected":false},"excerpt":{"rendered":"<p><strong>Referencia: BS120.131<\/strong><\/p>\n<p>Para placas de hasta 200 x 200 mm<\/p>\n<p>Presenta 19 marcas separadas 10 mm y orificios separados 100 mm<\/p>\n<p>Permite depositar muestras a intervalos regulares de puntos o l\u00edneas y leer Rf.<\/p>\n<p>La gu\u00eda tambi\u00e9n puede utilizarse para evaluar la superficie de puntos de entre 3 y 200 <sup>mm2<\/sup>.<\/p>\n<p>Recortes triangulares para un guiado preciso de las pipetas.<\/p>\n<p>La superficie inferior antideslizante evita movimientos accidentales sobre la mesa.<\/p>\n","protected":false},"featured_media":3527,"template":"","meta":[],"product_brand":[],"product_cat":[233],"product_tag":[],"class_list":{"0":"post-5719","1":"product","2":"type-product","3":"status-publish","4":"has-post-thumbnail","6":"product_cat-aplicacion-de-las-muestras","8":"first","9":"instock","10":"taxable","11":"shipping-taxable","12":"product-type-simple"},"yoast_head":"<!-- This site is optimized with the Yoast SEO plugin v27.4 - https:\/\/yoast.com\/product\/yoast-seo-wordpress\/ -->\n<title>Plantilla de aplicaci\u00f3n y evaluaci\u00f3n 200x200 mm - Bionis<\/title>\n<meta name=\"description\" content=\"Referencia: BS120.131  Para placas de hasta 200 x 200 mm  Presenta 19 marcas separadas 10 mm y orificios separados 100 mm  Permite depositar muestras a intervalos regulares de puntos o l\u00edneas y leer Rf.  La gu\u00eda tambi\u00e9n puede utilizarse para evaluar la superficie de puntos de entre 3 y 200 mm2.  Recortes triangulares para un guiado preciso de las pipetas.  La superficie inferior antideslizante evita movimientos accidentales sobre la mesa.\" \/>\n<meta name=\"robots\" content=\"index, follow, max-snippet:-1, max-image-preview:large, max-video-preview:-1\" \/>\n<link rel=\"canonical\" href=\"https:\/\/www.bionis.fr\/es\/produit\/plantilla-de-solicitud-y-evaluacion-200x200-mm\/\" \/>\n<meta property=\"og:locale\" content=\"es_ES\" \/>\n<meta property=\"og:type\" content=\"article\" \/>\n<meta property=\"og:title\" content=\"Plantilla de aplicaci\u00f3n y evaluaci\u00f3n 200x200 mm - Bionis\" \/>\n<meta property=\"og:description\" content=\"Referencia: BS120.131  Para placas de hasta 200 x 200 mm  Presenta 19 marcas separadas 10 mm y orificios separados 100 mm  Permite depositar muestras a intervalos regulares de puntos o l\u00edneas y leer Rf.  La gu\u00eda tambi\u00e9n puede utilizarse para evaluar la superficie de puntos de entre 3 y 200 mm2.  Recortes triangulares para un guiado preciso de las pipetas.  La superficie inferior antideslizante evita movimientos accidentales sobre la mesa.\" \/>\n<meta property=\"og:url\" content=\"https:\/\/www.bionis.fr\/es\/produit\/plantilla-de-solicitud-y-evaluacion-200x200-mm\/\" \/>\n<meta property=\"og:site_name\" content=\"Bionis\" \/>\n<meta property=\"article:modified_time\" content=\"2023-09-13T12:54:31+00:00\" \/>\n<meta property=\"og:image\" content=\"https:\/\/www.bionis.fr\/wp-content\/uploads\/2020\/06\/700x700_Gabarits-de-depots-fi18350517x2000.png\" \/>\n\t<meta property=\"og:image:width\" content=\"700\" \/>\n\t<meta property=\"og:image:height\" content=\"700\" \/>\n\t<meta property=\"og:image:type\" content=\"image\/png\" \/>\n<meta name=\"twitter:card\" content=\"summary_large_image\" \/>\n<script type=\"application\/ld+json\" class=\"yoast-schema-graph\">{\"@context\":\"https:\\\/\\\/schema.org\",\"@graph\":[{\"@type\":\"WebPage\",\"@id\":\"https:\\\/\\\/www.bionis.fr\\\/es\\\/produit\\\/plantilla-de-solicitud-y-evaluacion-200x200-mm\\\/\",\"url\":\"https:\\\/\\\/www.bionis.fr\\\/es\\\/produit\\\/plantilla-de-solicitud-y-evaluacion-200x200-mm\\\/\",\"name\":\"Plantilla de aplicaci\u00f3n y evaluaci\u00f3n 200x200 mm - Bionis\",\"isPartOf\":{\"@id\":\"https:\\\/\\\/www.bionis.fr\\\/#website\"},\"primaryImageOfPage\":{\"@id\":\"https:\\\/\\\/www.bionis.fr\\\/es\\\/produit\\\/plantilla-de-solicitud-y-evaluacion-200x200-mm\\\/#primaryimage\"},\"image\":{\"@id\":\"https:\\\/\\\/www.bionis.fr\\\/es\\\/produit\\\/plantilla-de-solicitud-y-evaluacion-200x200-mm\\\/#primaryimage\"},\"thumbnailUrl\":\"https:\\\/\\\/www.bionis.fr\\\/wp-content\\\/uploads\\\/2020\\\/06\\\/700x700_Gabarits-de-depots-fi18350517x2000.png\",\"datePublished\":\"2020-07-30T11:30:08+00:00\",\"dateModified\":\"2023-09-13T12:54:31+00:00\",\"description\":\"Referencia: BS120.131 Para placas de hasta 200 x 200 mm Presenta 19 marcas separadas 10 mm y orificios separados 100 mm Permite depositar muestras a intervalos regulares de puntos o l\u00edneas y leer Rf. La gu\u00eda tambi\u00e9n puede utilizarse para evaluar la superficie de puntos de entre 3 y 200 mm2. Recortes triangulares para un guiado preciso de las pipetas. La superficie inferior antideslizante evita movimientos accidentales sobre la mesa.\",\"breadcrumb\":{\"@id\":\"https:\\\/\\\/www.bionis.fr\\\/es\\\/produit\\\/plantilla-de-solicitud-y-evaluacion-200x200-mm\\\/#breadcrumb\"},\"inLanguage\":\"es\",\"potentialAction\":[{\"@type\":\"ReadAction\",\"target\":[\"https:\\\/\\\/www.bionis.fr\\\/es\\\/produit\\\/plantilla-de-solicitud-y-evaluacion-200x200-mm\\\/\"]}]},{\"@type\":\"ImageObject\",\"inLanguage\":\"es\",\"@id\":\"https:\\\/\\\/www.bionis.fr\\\/es\\\/produit\\\/plantilla-de-solicitud-y-evaluacion-200x200-mm\\\/#primaryimage\",\"url\":\"https:\\\/\\\/www.bionis.fr\\\/wp-content\\\/uploads\\\/2020\\\/06\\\/700x700_Gabarits-de-depots-fi18350517x2000.png\",\"contentUrl\":\"https:\\\/\\\/www.bionis.fr\\\/wp-content\\\/uploads\\\/2020\\\/06\\\/700x700_Gabarits-de-depots-fi18350517x2000.png\",\"width\":700,\"height\":700},{\"@type\":\"BreadcrumbList\",\"@id\":\"https:\\\/\\\/www.bionis.fr\\\/es\\\/produit\\\/plantilla-de-solicitud-y-evaluacion-200x200-mm\\\/#breadcrumb\",\"itemListElement\":[{\"@type\":\"ListItem\",\"position\":1,\"name\":\"Accueil\",\"item\":\"https:\\\/\\\/www.bionis.fr\\\/es\\\/\"},{\"@type\":\"ListItem\",\"position\":2,\"name\":\"Productos\",\"item\":\"https:\\\/\\\/www.bionis.fr\\\/es\\\/tienda\\\/\"},{\"@type\":\"ListItem\",\"position\":3,\"name\":\"Plantilla de aplicaci\u00f3n y evaluaci\u00f3n 200&#215;200 mm\"}]},{\"@type\":\"WebSite\",\"@id\":\"https:\\\/\\\/www.bionis.fr\\\/#website\",\"url\":\"https:\\\/\\\/www.bionis.fr\\\/\",\"name\":\"Bionis\",\"description\":\"La soluci\u00f3n de cromatograf\u00eda en capa fina\",\"publisher\":{\"@id\":\"https:\\\/\\\/www.bionis.fr\\\/#organization\"},\"potentialAction\":[{\"@type\":\"SearchAction\",\"target\":{\"@type\":\"EntryPoint\",\"urlTemplate\":\"https:\\\/\\\/www.bionis.fr\\\/?s={search_term_string}\"},\"query-input\":{\"@type\":\"PropertyValueSpecification\",\"valueRequired\":true,\"valueName\":\"search_term_string\"}}],\"inLanguage\":\"es\"},{\"@type\":\"Organization\",\"@id\":\"https:\\\/\\\/www.bionis.fr\\\/#organization\",\"name\":\"Bionis\",\"url\":\"https:\\\/\\\/www.bionis.fr\\\/\",\"logo\":{\"@type\":\"ImageObject\",\"inLanguage\":\"es\",\"@id\":\"https:\\\/\\\/www.bionis.fr\\\/#\\\/schema\\\/logo\\\/image\\\/\",\"url\":\"https:\\\/\\\/www.bionis.fr\\\/wp-content\\\/uploads\\\/2020\\\/07\\\/bionis-logo.png\",\"contentUrl\":\"https:\\\/\\\/www.bionis.fr\\\/wp-content\\\/uploads\\\/2020\\\/07\\\/bionis-logo.png\",\"width\":500,\"height\":125,\"caption\":\"Bionis\"},\"image\":{\"@id\":\"https:\\\/\\\/www.bionis.fr\\\/#\\\/schema\\\/logo\\\/image\\\/\"},\"sameAs\":[\"https:\\\/\\\/www.linkedin.com\\\/company\\\/bionis-sas?originalSubdomain=fr\"]}]}<\/script>\n<!-- \/ Yoast SEO plugin. -->","yoast_head_json":{"title":"Plantilla de aplicaci\u00f3n y evaluaci\u00f3n 200x200 mm - Bionis","description":"Referencia: BS120.131  Para placas de hasta 200 x 200 mm  Presenta 19 marcas separadas 10 mm y orificios separados 100 mm  Permite depositar muestras a intervalos regulares de puntos o l\u00edneas y leer Rf.  La gu\u00eda tambi\u00e9n puede utilizarse para evaluar la superficie de puntos de entre 3 y 200 mm2.  Recortes triangulares para un guiado preciso de las pipetas.  La superficie inferior antideslizante evita movimientos accidentales sobre la mesa.","robots":{"index":"index","follow":"follow","max-snippet":"max-snippet:-1","max-image-preview":"max-image-preview:large","max-video-preview":"max-video-preview:-1"},"canonical":"https:\/\/www.bionis.fr\/es\/produit\/plantilla-de-solicitud-y-evaluacion-200x200-mm\/","og_locale":"es_ES","og_type":"article","og_title":"Plantilla de aplicaci\u00f3n y evaluaci\u00f3n 200x200 mm - Bionis","og_description":"Referencia: BS120.131  Para placas de hasta 200 x 200 mm  Presenta 19 marcas separadas 10 mm y orificios separados 100 mm  Permite depositar muestras a intervalos regulares de puntos o l\u00edneas y leer Rf.  La gu\u00eda tambi\u00e9n puede utilizarse para evaluar la superficie de puntos de entre 3 y 200 mm2.  Recortes triangulares para un guiado preciso de las pipetas.  La superficie inferior antideslizante evita movimientos accidentales sobre la mesa.","og_url":"https:\/\/www.bionis.fr\/es\/produit\/plantilla-de-solicitud-y-evaluacion-200x200-mm\/","og_site_name":"Bionis","article_modified_time":"2023-09-13T12:54:31+00:00","og_image":[{"width":700,"height":700,"url":"https:\/\/www.bionis.fr\/wp-content\/uploads\/2020\/06\/700x700_Gabarits-de-depots-fi18350517x2000.png","type":"image\/png"}],"twitter_card":"summary_large_image","schema":{"@context":"https:\/\/schema.org","@graph":[{"@type":"WebPage","@id":"https:\/\/www.bionis.fr\/es\/produit\/plantilla-de-solicitud-y-evaluacion-200x200-mm\/","url":"https:\/\/www.bionis.fr\/es\/produit\/plantilla-de-solicitud-y-evaluacion-200x200-mm\/","name":"Plantilla de aplicaci\u00f3n y evaluaci\u00f3n 200x200 mm - Bionis","isPartOf":{"@id":"https:\/\/www.bionis.fr\/#website"},"primaryImageOfPage":{"@id":"https:\/\/www.bionis.fr\/es\/produit\/plantilla-de-solicitud-y-evaluacion-200x200-mm\/#primaryimage"},"image":{"@id":"https:\/\/www.bionis.fr\/es\/produit\/plantilla-de-solicitud-y-evaluacion-200x200-mm\/#primaryimage"},"thumbnailUrl":"https:\/\/www.bionis.fr\/wp-content\/uploads\/2020\/06\/700x700_Gabarits-de-depots-fi18350517x2000.png","datePublished":"2020-07-30T11:30:08+00:00","dateModified":"2023-09-13T12:54:31+00:00","description":"Referencia: BS120.131 Para placas de hasta 200 x 200 mm Presenta 19 marcas separadas 10 mm y orificios separados 100 mm Permite depositar muestras a intervalos regulares de puntos o l\u00edneas y leer Rf. La gu\u00eda tambi\u00e9n puede utilizarse para evaluar la superficie de puntos de entre 3 y 200 mm2. Recortes triangulares para un guiado preciso de las pipetas. La superficie inferior antideslizante evita movimientos accidentales sobre la mesa.","breadcrumb":{"@id":"https:\/\/www.bionis.fr\/es\/produit\/plantilla-de-solicitud-y-evaluacion-200x200-mm\/#breadcrumb"},"inLanguage":"es","potentialAction":[{"@type":"ReadAction","target":["https:\/\/www.bionis.fr\/es\/produit\/plantilla-de-solicitud-y-evaluacion-200x200-mm\/"]}]},{"@type":"ImageObject","inLanguage":"es","@id":"https:\/\/www.bionis.fr\/es\/produit\/plantilla-de-solicitud-y-evaluacion-200x200-mm\/#primaryimage","url":"https:\/\/www.bionis.fr\/wp-content\/uploads\/2020\/06\/700x700_Gabarits-de-depots-fi18350517x2000.png","contentUrl":"https:\/\/www.bionis.fr\/wp-content\/uploads\/2020\/06\/700x700_Gabarits-de-depots-fi18350517x2000.png","width":700,"height":700},{"@type":"BreadcrumbList","@id":"https:\/\/www.bionis.fr\/es\/produit\/plantilla-de-solicitud-y-evaluacion-200x200-mm\/#breadcrumb","itemListElement":[{"@type":"ListItem","position":1,"name":"Accueil","item":"https:\/\/www.bionis.fr\/es\/"},{"@type":"ListItem","position":2,"name":"Productos","item":"https:\/\/www.bionis.fr\/es\/tienda\/"},{"@type":"ListItem","position":3,"name":"Plantilla de aplicaci\u00f3n y evaluaci\u00f3n 200&#215;200 mm"}]},{"@type":"WebSite","@id":"https:\/\/www.bionis.fr\/#website","url":"https:\/\/www.bionis.fr\/","name":"Bionis","description":"La soluci\u00f3n de cromatograf\u00eda en capa fina","publisher":{"@id":"https:\/\/www.bionis.fr\/#organization"},"potentialAction":[{"@type":"SearchAction","target":{"@type":"EntryPoint","urlTemplate":"https:\/\/www.bionis.fr\/?s={search_term_string}"},"query-input":{"@type":"PropertyValueSpecification","valueRequired":true,"valueName":"search_term_string"}}],"inLanguage":"es"},{"@type":"Organization","@id":"https:\/\/www.bionis.fr\/#organization","name":"Bionis","url":"https:\/\/www.bionis.fr\/","logo":{"@type":"ImageObject","inLanguage":"es","@id":"https:\/\/www.bionis.fr\/#\/schema\/logo\/image\/","url":"https:\/\/www.bionis.fr\/wp-content\/uploads\/2020\/07\/bionis-logo.png","contentUrl":"https:\/\/www.bionis.fr\/wp-content\/uploads\/2020\/07\/bionis-logo.png","width":500,"height":125,"caption":"Bionis"},"image":{"@id":"https:\/\/www.bionis.fr\/#\/schema\/logo\/image\/"},"sameAs":["https:\/\/www.linkedin.com\/company\/bionis-sas?originalSubdomain=fr"]}]}},"_links":{"self":[{"href":"https:\/\/www.bionis.fr\/es\/wp-json\/wp\/v2\/product\/5719","targetHints":{"allow":["GET"]}}],"collection":[{"href":"https:\/\/www.bionis.fr\/es\/wp-json\/wp\/v2\/product"}],"about":[{"href":"https:\/\/www.bionis.fr\/es\/wp-json\/wp\/v2\/types\/product"}],"wp:featuredmedia":[{"embeddable":true,"href":"https:\/\/www.bionis.fr\/es\/wp-json\/wp\/v2\/media\/3527"}],"wp:attachment":[{"href":"https:\/\/www.bionis.fr\/es\/wp-json\/wp\/v2\/media?parent=5719"}],"wp:term":[{"taxonomy":"product_brand","embeddable":true,"href":"https:\/\/www.bionis.fr\/es\/wp-json\/wp\/v2\/product_brand?post=5719"},{"taxonomy":"product_cat","embeddable":true,"href":"https:\/\/www.bionis.fr\/es\/wp-json\/wp\/v2\/product_cat?post=5719"},{"taxonomy":"product_tag","embeddable":true,"href":"https:\/\/www.bionis.fr\/es\/wp-json\/wp\/v2\/product_tag?post=5719"}],"curies":[{"name":"wp","href":"https:\/\/api.w.org\/{rel}","templated":true}]}}