{"id":5791,"date":"2020-07-28T11:44:18","date_gmt":"2020-07-28T09:44:18","guid":{"rendered":"https:\/\/www.bionis.fr\/produit\/prensa-de-revelado-derivapress-200x200-mm\/"},"modified":"2023-09-11T14:37:12","modified_gmt":"2023-09-11T12:37:12","slug":"desarrollo-prensa-derivapress","status":"publish","type":"product","link":"https:\/\/www.bionis.fr\/es\/produit\/desarrollo-prensa-derivapress\/","title":{"rendered":"Prensa de revelado Derivapress 200&#215;200 mm"},"content":{"rendered":"","protected":false},"excerpt":{"rendered":"<p><strong>Referencia: DC07-T0020<\/strong><\/p>\n<p>La<strong> Derivapress <\/strong>(proceso patentado) permite<strong>aplicar el reactivo <\/strong>de derivatizaci\u00f3n a las placas cromatogr\u00e1ficas comprimiendo una <strong>membrana de espuma <\/strong>impregnada de reactivo.<\/p>\n<p><strong>R\u00e1pido <\/strong>y <strong>f\u00e1cil<\/strong> de usar, es seguro tanto para el usuario como para el medio ambiente.<\/p>\n<p>Para cambiar el reactivo, basta con cambiar la espuma<strong>(Derivamouss<\/strong>).<\/p>\n<p>Bajo coste.<\/p>\n<p>Puede utilizarse con hojas de hasta 200 x 200 mm.<\/p>\n<p>Lavable a m\u00e1quina.<\/p>\n<p>Se suministra con un juego de almohadillas de espuma<\/p>\n","protected":false},"featured_media":3563,"template":"","meta":[],"product_brand":[],"product_cat":[198,178],"product_tag":[],"class_list":{"0":"post-5791","1":"product","2":"type-product","3":"status-publish","4":"has-post-thumbnail","6":"product_cat-gama-ccf-de-bionis","7":"product_cat-revelacion","9":"first","10":"instock","11":"taxable","12":"shipping-taxable","13":"product-type-simple"},"yoast_head":"<!-- This site is optimized with the Yoast SEO plugin v27.4 - https:\/\/yoast.com\/product\/yoast-seo-wordpress\/ -->\n<title>Prensa de revelado Derivapress 200x200 mm - Bionis<\/title>\n<meta name=\"description\" content=\"Referencia: DC07-T0020 La Derivapress (proceso patentado) permiteaplicar el reactivo de derivatizaci\u00f3n a las placas cromatogr\u00e1ficas comprimiendo una membrana de espuma impregnada de reactivo. R\u00e1pido y f\u00e1cil de usar, es seguro tanto para el usuario como para el medio ambiente. Para cambiar el reactivo, basta con cambiar la espuma(Derivamouss). Bajo coste. Puede utilizarse con hojas de hasta 200 x 200 mm. Lavable a m\u00e1quina. Se suministra con un juego de almohadillas de espuma\" \/>\n<meta name=\"robots\" content=\"index, follow, max-snippet:-1, max-image-preview:large, max-video-preview:-1\" \/>\n<link rel=\"canonical\" href=\"https:\/\/www.bionis.fr\/es\/produit\/desarrollo-prensa-derivapress\/\" \/>\n<meta property=\"og:locale\" content=\"es_ES\" \/>\n<meta property=\"og:type\" content=\"article\" \/>\n<meta property=\"og:title\" content=\"Prensa de revelado Derivapress 200x200 mm - Bionis\" \/>\n<meta property=\"og:description\" content=\"Referencia: DC07-T0020 La Derivapress (proceso patentado) permiteaplicar el reactivo de derivatizaci\u00f3n a las placas cromatogr\u00e1ficas comprimiendo una membrana de espuma impregnada de reactivo. R\u00e1pido y f\u00e1cil de usar, es seguro tanto para el usuario como para el medio ambiente. Para cambiar el reactivo, basta con cambiar la espuma(Derivamouss). Bajo coste. Puede utilizarse con hojas de hasta 200 x 200 mm. Lavable a m\u00e1quina. Se suministra con un juego de almohadillas de espuma\" \/>\n<meta property=\"og:url\" content=\"https:\/\/www.bionis.fr\/es\/produit\/desarrollo-prensa-derivapress\/\" \/>\n<meta property=\"og:site_name\" content=\"Bionis\" \/>\n<meta property=\"article:modified_time\" content=\"2023-09-11T12:37:12+00:00\" \/>\n<meta property=\"og:image\" content=\"https:\/\/www.bionis.fr\/wp-content\/uploads\/2020\/07\/presse-developpement-derivapress.png\" \/>\n\t<meta property=\"og:image:width\" content=\"700\" \/>\n\t<meta property=\"og:image:height\" content=\"700\" \/>\n\t<meta property=\"og:image:type\" content=\"image\/png\" \/>\n<meta name=\"twitter:card\" content=\"summary_large_image\" \/>\n<script type=\"application\/ld+json\" class=\"yoast-schema-graph\">{\"@context\":\"https:\\\/\\\/schema.org\",\"@graph\":[{\"@type\":\"WebPage\",\"@id\":\"https:\\\/\\\/www.bionis.fr\\\/es\\\/produit\\\/desarrollo-prensa-derivapress\\\/\",\"url\":\"https:\\\/\\\/www.bionis.fr\\\/es\\\/produit\\\/desarrollo-prensa-derivapress\\\/\",\"name\":\"Prensa de revelado Derivapress 200x200 mm - Bionis\",\"isPartOf\":{\"@id\":\"https:\\\/\\\/www.bionis.fr\\\/#website\"},\"primaryImageOfPage\":{\"@id\":\"https:\\\/\\\/www.bionis.fr\\\/es\\\/produit\\\/desarrollo-prensa-derivapress\\\/#primaryimage\"},\"image\":{\"@id\":\"https:\\\/\\\/www.bionis.fr\\\/es\\\/produit\\\/desarrollo-prensa-derivapress\\\/#primaryimage\"},\"thumbnailUrl\":\"https:\\\/\\\/www.bionis.fr\\\/wp-content\\\/uploads\\\/2020\\\/07\\\/presse-developpement-derivapress.png\",\"datePublished\":\"2020-07-28T09:44:18+00:00\",\"dateModified\":\"2023-09-11T12:37:12+00:00\",\"description\":\"Referencia: DC07-T0020 La Derivapress (proceso patentado) permiteaplicar el reactivo de derivatizaci\u00f3n a las placas cromatogr\u00e1ficas comprimiendo una membrana de espuma impregnada de reactivo. R\u00e1pido y f\u00e1cil de usar, es seguro tanto para el usuario como para el medio ambiente. Para cambiar el reactivo, basta con cambiar la espuma(Derivamouss). Bajo coste. Puede utilizarse con hojas de hasta 200 x 200 mm. Lavable a m\u00e1quina. Se suministra con un juego de almohadillas de espuma\",\"breadcrumb\":{\"@id\":\"https:\\\/\\\/www.bionis.fr\\\/es\\\/produit\\\/desarrollo-prensa-derivapress\\\/#breadcrumb\"},\"inLanguage\":\"es\",\"potentialAction\":[{\"@type\":\"ReadAction\",\"target\":[\"https:\\\/\\\/www.bionis.fr\\\/es\\\/produit\\\/desarrollo-prensa-derivapress\\\/\"]}]},{\"@type\":\"ImageObject\",\"inLanguage\":\"es\",\"@id\":\"https:\\\/\\\/www.bionis.fr\\\/es\\\/produit\\\/desarrollo-prensa-derivapress\\\/#primaryimage\",\"url\":\"https:\\\/\\\/www.bionis.fr\\\/wp-content\\\/uploads\\\/2020\\\/07\\\/presse-developpement-derivapress.png\",\"contentUrl\":\"https:\\\/\\\/www.bionis.fr\\\/wp-content\\\/uploads\\\/2020\\\/07\\\/presse-developpement-derivapress.png\",\"width\":700,\"height\":700},{\"@type\":\"BreadcrumbList\",\"@id\":\"https:\\\/\\\/www.bionis.fr\\\/es\\\/produit\\\/desarrollo-prensa-derivapress\\\/#breadcrumb\",\"itemListElement\":[{\"@type\":\"ListItem\",\"position\":1,\"name\":\"Accueil\",\"item\":\"https:\\\/\\\/www.bionis.fr\\\/es\\\/\"},{\"@type\":\"ListItem\",\"position\":2,\"name\":\"Productos\",\"item\":\"https:\\\/\\\/www.bionis.fr\\\/es\\\/tienda\\\/\"},{\"@type\":\"ListItem\",\"position\":3,\"name\":\"Prensa de revelado Derivapress 200&#215;200 mm\"}]},{\"@type\":\"WebSite\",\"@id\":\"https:\\\/\\\/www.bionis.fr\\\/#website\",\"url\":\"https:\\\/\\\/www.bionis.fr\\\/\",\"name\":\"Bionis\",\"description\":\"La soluci\u00f3n de cromatograf\u00eda en capa fina\",\"publisher\":{\"@id\":\"https:\\\/\\\/www.bionis.fr\\\/#organization\"},\"potentialAction\":[{\"@type\":\"SearchAction\",\"target\":{\"@type\":\"EntryPoint\",\"urlTemplate\":\"https:\\\/\\\/www.bionis.fr\\\/?s={search_term_string}\"},\"query-input\":{\"@type\":\"PropertyValueSpecification\",\"valueRequired\":true,\"valueName\":\"search_term_string\"}}],\"inLanguage\":\"es\"},{\"@type\":\"Organization\",\"@id\":\"https:\\\/\\\/www.bionis.fr\\\/#organization\",\"name\":\"Bionis\",\"url\":\"https:\\\/\\\/www.bionis.fr\\\/\",\"logo\":{\"@type\":\"ImageObject\",\"inLanguage\":\"es\",\"@id\":\"https:\\\/\\\/www.bionis.fr\\\/#\\\/schema\\\/logo\\\/image\\\/\",\"url\":\"https:\\\/\\\/www.bionis.fr\\\/wp-content\\\/uploads\\\/2020\\\/07\\\/bionis-logo.png\",\"contentUrl\":\"https:\\\/\\\/www.bionis.fr\\\/wp-content\\\/uploads\\\/2020\\\/07\\\/bionis-logo.png\",\"width\":500,\"height\":125,\"caption\":\"Bionis\"},\"image\":{\"@id\":\"https:\\\/\\\/www.bionis.fr\\\/#\\\/schema\\\/logo\\\/image\\\/\"},\"sameAs\":[\"https:\\\/\\\/www.linkedin.com\\\/company\\\/bionis-sas?originalSubdomain=fr\"]}]}<\/script>\n<!-- \/ Yoast SEO plugin. -->","yoast_head_json":{"title":"Prensa de revelado Derivapress 200x200 mm - Bionis","description":"Referencia: DC07-T0020 La Derivapress (proceso patentado) permiteaplicar el reactivo de derivatizaci\u00f3n a las placas cromatogr\u00e1ficas comprimiendo una membrana de espuma impregnada de reactivo. R\u00e1pido y f\u00e1cil de usar, es seguro tanto para el usuario como para el medio ambiente. Para cambiar el reactivo, basta con cambiar la espuma(Derivamouss). Bajo coste. Puede utilizarse con hojas de hasta 200 x 200 mm. Lavable a m\u00e1quina. Se suministra con un juego de almohadillas de espuma","robots":{"index":"index","follow":"follow","max-snippet":"max-snippet:-1","max-image-preview":"max-image-preview:large","max-video-preview":"max-video-preview:-1"},"canonical":"https:\/\/www.bionis.fr\/es\/produit\/desarrollo-prensa-derivapress\/","og_locale":"es_ES","og_type":"article","og_title":"Prensa de revelado Derivapress 200x200 mm - Bionis","og_description":"Referencia: DC07-T0020 La Derivapress (proceso patentado) permiteaplicar el reactivo de derivatizaci\u00f3n a las placas cromatogr\u00e1ficas comprimiendo una membrana de espuma impregnada de reactivo. R\u00e1pido y f\u00e1cil de usar, es seguro tanto para el usuario como para el medio ambiente. Para cambiar el reactivo, basta con cambiar la espuma(Derivamouss). Bajo coste. Puede utilizarse con hojas de hasta 200 x 200 mm. Lavable a m\u00e1quina. Se suministra con un juego de almohadillas de espuma","og_url":"https:\/\/www.bionis.fr\/es\/produit\/desarrollo-prensa-derivapress\/","og_site_name":"Bionis","article_modified_time":"2023-09-11T12:37:12+00:00","og_image":[{"width":700,"height":700,"url":"https:\/\/www.bionis.fr\/wp-content\/uploads\/2020\/07\/presse-developpement-derivapress.png","type":"image\/png"}],"twitter_card":"summary_large_image","schema":{"@context":"https:\/\/schema.org","@graph":[{"@type":"WebPage","@id":"https:\/\/www.bionis.fr\/es\/produit\/desarrollo-prensa-derivapress\/","url":"https:\/\/www.bionis.fr\/es\/produit\/desarrollo-prensa-derivapress\/","name":"Prensa de revelado Derivapress 200x200 mm - Bionis","isPartOf":{"@id":"https:\/\/www.bionis.fr\/#website"},"primaryImageOfPage":{"@id":"https:\/\/www.bionis.fr\/es\/produit\/desarrollo-prensa-derivapress\/#primaryimage"},"image":{"@id":"https:\/\/www.bionis.fr\/es\/produit\/desarrollo-prensa-derivapress\/#primaryimage"},"thumbnailUrl":"https:\/\/www.bionis.fr\/wp-content\/uploads\/2020\/07\/presse-developpement-derivapress.png","datePublished":"2020-07-28T09:44:18+00:00","dateModified":"2023-09-11T12:37:12+00:00","description":"Referencia: DC07-T0020 La Derivapress (proceso patentado) permiteaplicar el reactivo de derivatizaci\u00f3n a las placas cromatogr\u00e1ficas comprimiendo una membrana de espuma impregnada de reactivo. R\u00e1pido y f\u00e1cil de usar, es seguro tanto para el usuario como para el medio ambiente. Para cambiar el reactivo, basta con cambiar la espuma(Derivamouss). Bajo coste. Puede utilizarse con hojas de hasta 200 x 200 mm. Lavable a m\u00e1quina. Se suministra con un juego de almohadillas de espuma","breadcrumb":{"@id":"https:\/\/www.bionis.fr\/es\/produit\/desarrollo-prensa-derivapress\/#breadcrumb"},"inLanguage":"es","potentialAction":[{"@type":"ReadAction","target":["https:\/\/www.bionis.fr\/es\/produit\/desarrollo-prensa-derivapress\/"]}]},{"@type":"ImageObject","inLanguage":"es","@id":"https:\/\/www.bionis.fr\/es\/produit\/desarrollo-prensa-derivapress\/#primaryimage","url":"https:\/\/www.bionis.fr\/wp-content\/uploads\/2020\/07\/presse-developpement-derivapress.png","contentUrl":"https:\/\/www.bionis.fr\/wp-content\/uploads\/2020\/07\/presse-developpement-derivapress.png","width":700,"height":700},{"@type":"BreadcrumbList","@id":"https:\/\/www.bionis.fr\/es\/produit\/desarrollo-prensa-derivapress\/#breadcrumb","itemListElement":[{"@type":"ListItem","position":1,"name":"Accueil","item":"https:\/\/www.bionis.fr\/es\/"},{"@type":"ListItem","position":2,"name":"Productos","item":"https:\/\/www.bionis.fr\/es\/tienda\/"},{"@type":"ListItem","position":3,"name":"Prensa de revelado Derivapress 200&#215;200 mm"}]},{"@type":"WebSite","@id":"https:\/\/www.bionis.fr\/#website","url":"https:\/\/www.bionis.fr\/","name":"Bionis","description":"La soluci\u00f3n de cromatograf\u00eda en capa fina","publisher":{"@id":"https:\/\/www.bionis.fr\/#organization"},"potentialAction":[{"@type":"SearchAction","target":{"@type":"EntryPoint","urlTemplate":"https:\/\/www.bionis.fr\/?s={search_term_string}"},"query-input":{"@type":"PropertyValueSpecification","valueRequired":true,"valueName":"search_term_string"}}],"inLanguage":"es"},{"@type":"Organization","@id":"https:\/\/www.bionis.fr\/#organization","name":"Bionis","url":"https:\/\/www.bionis.fr\/","logo":{"@type":"ImageObject","inLanguage":"es","@id":"https:\/\/www.bionis.fr\/#\/schema\/logo\/image\/","url":"https:\/\/www.bionis.fr\/wp-content\/uploads\/2020\/07\/bionis-logo.png","contentUrl":"https:\/\/www.bionis.fr\/wp-content\/uploads\/2020\/07\/bionis-logo.png","width":500,"height":125,"caption":"Bionis"},"image":{"@id":"https:\/\/www.bionis.fr\/#\/schema\/logo\/image\/"},"sameAs":["https:\/\/www.linkedin.com\/company\/bionis-sas?originalSubdomain=fr"]}]}},"_links":{"self":[{"href":"https:\/\/www.bionis.fr\/es\/wp-json\/wp\/v2\/product\/5791","targetHints":{"allow":["GET"]}}],"collection":[{"href":"https:\/\/www.bionis.fr\/es\/wp-json\/wp\/v2\/product"}],"about":[{"href":"https:\/\/www.bionis.fr\/es\/wp-json\/wp\/v2\/types\/product"}],"wp:featuredmedia":[{"embeddable":true,"href":"https:\/\/www.bionis.fr\/es\/wp-json\/wp\/v2\/media\/3563"}],"wp:attachment":[{"href":"https:\/\/www.bionis.fr\/es\/wp-json\/wp\/v2\/media?parent=5791"}],"wp:term":[{"taxonomy":"product_brand","embeddable":true,"href":"https:\/\/www.bionis.fr\/es\/wp-json\/wp\/v2\/product_brand?post=5791"},{"taxonomy":"product_cat","embeddable":true,"href":"https:\/\/www.bionis.fr\/es\/wp-json\/wp\/v2\/product_cat?post=5791"},{"taxonomy":"product_tag","embeddable":true,"href":"https:\/\/www.bionis.fr\/es\/wp-json\/wp\/v2\/product_tag?post=5791"}],"curies":[{"name":"wp","href":"https:\/\/api.w.org\/{rel}","templated":true}]}}