{"id":5884,"date":"2020-08-01T19:21:13","date_gmt":"2020-08-01T17:21:13","guid":{"rendered":"https:\/\/www.bionis.fr\/produit\/visualizador-ccf-hp-uvis-nxg\/"},"modified":"2023-09-17T10:31:22","modified_gmt":"2023-09-17T08:31:22","slug":"visualizador-ccm-hp-uvis-nxg","status":"publish","type":"product","link":"https:\/\/www.bionis.fr\/es\/produit\/visualizador-ccm-hp-uvis-nxg\/","title":{"rendered":"Visualizador CCF HP-UVis NxG"},"content":{"rendered":"<p>El Visualizador CCF HP-UVis NxG cuenta con<strong> l\u00e1mparas UV de vapor de mercurio de 254, 310, 345 y 366 nm<\/strong>, que ofrecen una amplia gama de opciones de observaci\u00f3n.<\/p>\n<p>No requiere el uso de un cuarto oscuro.<\/p>\n<p>Para aumentar el contraste, es importante filtrar la luz visible con un <strong>filtro especial<\/strong>.<\/p>\n<p>A <strong>254 nm<\/strong>, las sustancias de las placas<strong> CCF\/CCFAR<\/strong> contienen un indicador de fluorescencia que aparece <strong>oscuro<\/strong> sobre un <strong>fondo<\/strong> fluorescente fondo .<\/p>\n<p>Este tipo de l\u00e1mpara de alta energ\u00eda puede detectar sustancias en el rango de <strong>los nanogramos<\/strong>.<\/p>\n<p><img fetchpriority=\"high\" decoding=\"async\" class=\"alignnone size-full wp-image-2760\" src=\"https:\/\/www.bionis.fr\/wp-content\/uploads\/2020\/08\/HP-UVIS-2.0-longueurs-donde.png\" alt=\"\" width=\"343\" height=\"251\" \/><\/p>\n<p>Si es necesario, puede sustituir una de las l\u00e1mparas del Visualizador CCF HP-UVis NxG por una l\u00e1mpara de luz blanca.<\/p>\n<p>El Visualizador HP-UVis NxG CCF est\u00e1 equipado con una bandeja basculante de protecci\u00f3n UV. Los usuarios pueden trabajar en placas de CCF o CCFAR (marcado con l\u00e1piz, CCF preparativa, etc.).<\/p>\n<p>Un sistema de seguridad integrado corta la alimentaci\u00f3n de las l\u00e1mparas UV si la bandeja se inclina m\u00e1s de 45\u00b0.<\/p>\n<p><strong>Especificaciones t\u00e9cnicas<\/strong><\/p>\n<p>\u00c1rea de detecci\u00f3n: 200 x 200 mm<\/p>\n<p>Dimensiones (prof. x alt. x anch.): 325 x 480 x 290 mm<\/p>\n<p>Peso: 11,5 kg<\/p>\n<p>Alimentaci\u00f3n: 230V- 50Hz<\/p>\n<p>Descargar la ficha t\u00e9cnica : <a href=\"https:\/\/www.bionis.fr\/wp-content\/uploads\/2022\/11\/HP-UVIS-2.0-Flyer-Bionis.pdf\">HP-UVIS 2.0 Flyer Bionis<\/a><\/p>\n","protected":false},"excerpt":{"rendered":"<p><span style=\"color: #000000;\"><a style=\"color: #000000;\" href=\"https:\/\/www.bionis.fr\/wp-content\/uploads\/2020\/08\/Ficha_tecnica_HPUvis_NxG.pdf\">DESCARGAR DOCUMENTACI\u00d3N<\/a><\/span><\/p>\n<p><strong>Referencia: BS147.001<\/strong><\/p>\n<p>Los m\u00e9todos de <strong>detecci\u00f3n<\/strong> <strong>UV <\/strong>se encuentran entre los m\u00e1s sensibles.<\/p>\n<p>Con el visor HP-UVis 2.0 CCF, puede elegir entre 310 nm, 345 nm y 366 nm, o utilizar las tres longitudes de onda juntas para su ensayo.<\/p>\n<p>A <strong>366 nm<\/strong>, las l\u00e1mparas UV de onda larga pueden utilizarse para <strong>resaltar <\/strong> <strong>sustancias fluorescentes<\/strong> sobre fondos de color oscuro.<\/p>\n<p>Cuanto mayor sea la <strong>luminiscencia UV<\/strong>, m\u00e1s sensible ser\u00e1 el m\u00e9todo.<\/p>\n","protected":false},"featured_media":5021,"template":"","meta":[],"product_brand":[],"product_cat":[183],"product_tag":[],"class_list":{"0":"post-5884","1":"product","2":"type-product","3":"status-publish","4":"has-post-thumbnail","6":"product_cat-visualizacion-de-las-placas-ccf","8":"first","9":"instock","10":"taxable","11":"shipping-taxable","12":"product-type-simple"},"yoast_head":"<!-- This site is optimized with the Yoast SEO plugin v27.5 - https:\/\/yoast.com\/product\/yoast-seo-wordpress\/ -->\n<title>Nuevo Visualizador HP-Uvis NxG<\/title>\n<meta name=\"description\" content=\"Visualizador HP-UVis NxG CCF, con l\u00e1mparas UV de 310 nm, 345 nm y 366 nm y bandeja de protecci\u00f3n UV basculante.\" \/>\n<meta name=\"robots\" content=\"index, follow, max-snippet:-1, max-image-preview:large, max-video-preview:-1\" \/>\n<link rel=\"canonical\" href=\"https:\/\/www.bionis.fr\/es\/produit\/visualizador-ccm-hp-uvis-nxg\/\" \/>\n<meta property=\"og:locale\" content=\"es_ES\" \/>\n<meta property=\"og:type\" content=\"article\" \/>\n<meta property=\"og:title\" content=\"Nuevo Visualizador HP-Uvis NxG\" \/>\n<meta property=\"og:description\" content=\"Visualizador HP-UVis NxG CCF, con l\u00e1mparas UV de 310 nm, 345 nm y 366 nm y bandeja de protecci\u00f3n UV basculante.\" \/>\n<meta property=\"og:url\" content=\"https:\/\/www.bionis.fr\/es\/produit\/visualizador-ccm-hp-uvis-nxg\/\" \/>\n<meta property=\"og:site_name\" content=\"Bionis\" \/>\n<meta property=\"article:modified_time\" content=\"2023-09-17T08:31:22+00:00\" \/>\n<meta property=\"og:image\" content=\"https:\/\/www.bionis.fr\/wp-content\/uploads\/2020\/08\/700x700-HP-UVIS-2.0.png\" \/>\n\t<meta property=\"og:image:width\" content=\"700\" \/>\n\t<meta property=\"og:image:height\" content=\"700\" \/>\n\t<meta property=\"og:image:type\" content=\"image\/png\" \/>\n<meta name=\"twitter:card\" content=\"summary_large_image\" \/>\n<meta name=\"twitter:label1\" content=\"Tiempo de lectura\" \/>\n\t<meta name=\"twitter:data1\" content=\"2 minutos\" \/>\n<script type=\"application\/ld+json\" class=\"yoast-schema-graph\">{\"@context\":\"https:\\\/\\\/schema.org\",\"@graph\":[{\"@type\":\"WebPage\",\"@id\":\"https:\\\/\\\/www.bionis.fr\\\/es\\\/produit\\\/visualizador-ccm-hp-uvis-nxg\\\/\",\"url\":\"https:\\\/\\\/www.bionis.fr\\\/es\\\/produit\\\/visualizador-ccm-hp-uvis-nxg\\\/\",\"name\":\"Nuevo Visualizador HP-Uvis NxG\",\"isPartOf\":{\"@id\":\"https:\\\/\\\/www.bionis.fr\\\/#website\"},\"primaryImageOfPage\":{\"@id\":\"https:\\\/\\\/www.bionis.fr\\\/es\\\/produit\\\/visualizador-ccm-hp-uvis-nxg\\\/#primaryimage\"},\"image\":{\"@id\":\"https:\\\/\\\/www.bionis.fr\\\/es\\\/produit\\\/visualizador-ccm-hp-uvis-nxg\\\/#primaryimage\"},\"thumbnailUrl\":\"https:\\\/\\\/www.bionis.fr\\\/wp-content\\\/uploads\\\/2020\\\/08\\\/700x700-HP-UVIS-2.0.png\",\"datePublished\":\"2020-08-01T17:21:13+00:00\",\"dateModified\":\"2023-09-17T08:31:22+00:00\",\"description\":\"Visualizador HP-UVis NxG CCF, con l\u00e1mparas UV de 310 nm, 345 nm y 366 nm y bandeja de protecci\u00f3n UV basculante.\",\"breadcrumb\":{\"@id\":\"https:\\\/\\\/www.bionis.fr\\\/es\\\/produit\\\/visualizador-ccm-hp-uvis-nxg\\\/#breadcrumb\"},\"inLanguage\":\"es\",\"potentialAction\":[{\"@type\":\"ReadAction\",\"target\":[\"https:\\\/\\\/www.bionis.fr\\\/es\\\/produit\\\/visualizador-ccm-hp-uvis-nxg\\\/\"]}]},{\"@type\":\"ImageObject\",\"inLanguage\":\"es\",\"@id\":\"https:\\\/\\\/www.bionis.fr\\\/es\\\/produit\\\/visualizador-ccm-hp-uvis-nxg\\\/#primaryimage\",\"url\":\"https:\\\/\\\/www.bionis.fr\\\/wp-content\\\/uploads\\\/2020\\\/08\\\/700x700-HP-UVIS-2.0.png\",\"contentUrl\":\"https:\\\/\\\/www.bionis.fr\\\/wp-content\\\/uploads\\\/2020\\\/08\\\/700x700-HP-UVIS-2.0.png\",\"width\":700,\"height\":700,\"caption\":\"Visualizer HP-UVis NxG\"},{\"@type\":\"BreadcrumbList\",\"@id\":\"https:\\\/\\\/www.bionis.fr\\\/es\\\/produit\\\/visualizador-ccm-hp-uvis-nxg\\\/#breadcrumb\",\"itemListElement\":[{\"@type\":\"ListItem\",\"position\":1,\"name\":\"Accueil\",\"item\":\"https:\\\/\\\/www.bionis.fr\\\/es\\\/\"},{\"@type\":\"ListItem\",\"position\":2,\"name\":\"Productos\",\"item\":\"https:\\\/\\\/www.bionis.fr\\\/es\\\/tienda\\\/\"},{\"@type\":\"ListItem\",\"position\":3,\"name\":\"Visualizador CCF HP-UVis NxG\"}]},{\"@type\":\"WebSite\",\"@id\":\"https:\\\/\\\/www.bionis.fr\\\/#website\",\"url\":\"https:\\\/\\\/www.bionis.fr\\\/\",\"name\":\"Bionis\",\"description\":\"La soluci\u00f3n de cromatograf\u00eda en capa fina\",\"publisher\":{\"@id\":\"https:\\\/\\\/www.bionis.fr\\\/#organization\"},\"potentialAction\":[{\"@type\":\"SearchAction\",\"target\":{\"@type\":\"EntryPoint\",\"urlTemplate\":\"https:\\\/\\\/www.bionis.fr\\\/?s={search_term_string}\"},\"query-input\":{\"@type\":\"PropertyValueSpecification\",\"valueRequired\":true,\"valueName\":\"search_term_string\"}}],\"inLanguage\":\"es\"},{\"@type\":\"Organization\",\"@id\":\"https:\\\/\\\/www.bionis.fr\\\/#organization\",\"name\":\"Bionis\",\"url\":\"https:\\\/\\\/www.bionis.fr\\\/\",\"logo\":{\"@type\":\"ImageObject\",\"inLanguage\":\"es\",\"@id\":\"https:\\\/\\\/www.bionis.fr\\\/#\\\/schema\\\/logo\\\/image\\\/\",\"url\":\"https:\\\/\\\/www.bionis.fr\\\/wp-content\\\/uploads\\\/2020\\\/07\\\/bionis-logo.png\",\"contentUrl\":\"https:\\\/\\\/www.bionis.fr\\\/wp-content\\\/uploads\\\/2020\\\/07\\\/bionis-logo.png\",\"width\":500,\"height\":125,\"caption\":\"Bionis\"},\"image\":{\"@id\":\"https:\\\/\\\/www.bionis.fr\\\/#\\\/schema\\\/logo\\\/image\\\/\"},\"sameAs\":[\"https:\\\/\\\/www.linkedin.com\\\/company\\\/bionis-sas?originalSubdomain=fr\"]}]}<\/script>\n<!-- \/ Yoast SEO plugin. -->","yoast_head_json":{"title":"Nuevo Visualizador HP-Uvis NxG","description":"Visualizador HP-UVis NxG CCF, con l\u00e1mparas UV de 310 nm, 345 nm y 366 nm y bandeja de protecci\u00f3n UV basculante.","robots":{"index":"index","follow":"follow","max-snippet":"max-snippet:-1","max-image-preview":"max-image-preview:large","max-video-preview":"max-video-preview:-1"},"canonical":"https:\/\/www.bionis.fr\/es\/produit\/visualizador-ccm-hp-uvis-nxg\/","og_locale":"es_ES","og_type":"article","og_title":"Nuevo Visualizador HP-Uvis NxG","og_description":"Visualizador HP-UVis NxG CCF, con l\u00e1mparas UV de 310 nm, 345 nm y 366 nm y bandeja de protecci\u00f3n UV basculante.","og_url":"https:\/\/www.bionis.fr\/es\/produit\/visualizador-ccm-hp-uvis-nxg\/","og_site_name":"Bionis","article_modified_time":"2023-09-17T08:31:22+00:00","og_image":[{"width":700,"height":700,"url":"https:\/\/www.bionis.fr\/wp-content\/uploads\/2020\/08\/700x700-HP-UVIS-2.0.png","type":"image\/png"}],"twitter_card":"summary_large_image","twitter_misc":{"Tiempo de lectura":"2 minutos"},"schema":{"@context":"https:\/\/schema.org","@graph":[{"@type":"WebPage","@id":"https:\/\/www.bionis.fr\/es\/produit\/visualizador-ccm-hp-uvis-nxg\/","url":"https:\/\/www.bionis.fr\/es\/produit\/visualizador-ccm-hp-uvis-nxg\/","name":"Nuevo Visualizador HP-Uvis NxG","isPartOf":{"@id":"https:\/\/www.bionis.fr\/#website"},"primaryImageOfPage":{"@id":"https:\/\/www.bionis.fr\/es\/produit\/visualizador-ccm-hp-uvis-nxg\/#primaryimage"},"image":{"@id":"https:\/\/www.bionis.fr\/es\/produit\/visualizador-ccm-hp-uvis-nxg\/#primaryimage"},"thumbnailUrl":"https:\/\/www.bionis.fr\/wp-content\/uploads\/2020\/08\/700x700-HP-UVIS-2.0.png","datePublished":"2020-08-01T17:21:13+00:00","dateModified":"2023-09-17T08:31:22+00:00","description":"Visualizador HP-UVis NxG CCF, con l\u00e1mparas UV de 310 nm, 345 nm y 366 nm y bandeja de protecci\u00f3n UV basculante.","breadcrumb":{"@id":"https:\/\/www.bionis.fr\/es\/produit\/visualizador-ccm-hp-uvis-nxg\/#breadcrumb"},"inLanguage":"es","potentialAction":[{"@type":"ReadAction","target":["https:\/\/www.bionis.fr\/es\/produit\/visualizador-ccm-hp-uvis-nxg\/"]}]},{"@type":"ImageObject","inLanguage":"es","@id":"https:\/\/www.bionis.fr\/es\/produit\/visualizador-ccm-hp-uvis-nxg\/#primaryimage","url":"https:\/\/www.bionis.fr\/wp-content\/uploads\/2020\/08\/700x700-HP-UVIS-2.0.png","contentUrl":"https:\/\/www.bionis.fr\/wp-content\/uploads\/2020\/08\/700x700-HP-UVIS-2.0.png","width":700,"height":700,"caption":"Visualizer HP-UVis NxG"},{"@type":"BreadcrumbList","@id":"https:\/\/www.bionis.fr\/es\/produit\/visualizador-ccm-hp-uvis-nxg\/#breadcrumb","itemListElement":[{"@type":"ListItem","position":1,"name":"Accueil","item":"https:\/\/www.bionis.fr\/es\/"},{"@type":"ListItem","position":2,"name":"Productos","item":"https:\/\/www.bionis.fr\/es\/tienda\/"},{"@type":"ListItem","position":3,"name":"Visualizador CCF HP-UVis NxG"}]},{"@type":"WebSite","@id":"https:\/\/www.bionis.fr\/#website","url":"https:\/\/www.bionis.fr\/","name":"Bionis","description":"La soluci\u00f3n de cromatograf\u00eda en capa fina","publisher":{"@id":"https:\/\/www.bionis.fr\/#organization"},"potentialAction":[{"@type":"SearchAction","target":{"@type":"EntryPoint","urlTemplate":"https:\/\/www.bionis.fr\/?s={search_term_string}"},"query-input":{"@type":"PropertyValueSpecification","valueRequired":true,"valueName":"search_term_string"}}],"inLanguage":"es"},{"@type":"Organization","@id":"https:\/\/www.bionis.fr\/#organization","name":"Bionis","url":"https:\/\/www.bionis.fr\/","logo":{"@type":"ImageObject","inLanguage":"es","@id":"https:\/\/www.bionis.fr\/#\/schema\/logo\/image\/","url":"https:\/\/www.bionis.fr\/wp-content\/uploads\/2020\/07\/bionis-logo.png","contentUrl":"https:\/\/www.bionis.fr\/wp-content\/uploads\/2020\/07\/bionis-logo.png","width":500,"height":125,"caption":"Bionis"},"image":{"@id":"https:\/\/www.bionis.fr\/#\/schema\/logo\/image\/"},"sameAs":["https:\/\/www.linkedin.com\/company\/bionis-sas?originalSubdomain=fr"]}]}},"_links":{"self":[{"href":"https:\/\/www.bionis.fr\/es\/wp-json\/wp\/v2\/product\/5884","targetHints":{"allow":["GET"]}}],"collection":[{"href":"https:\/\/www.bionis.fr\/es\/wp-json\/wp\/v2\/product"}],"about":[{"href":"https:\/\/www.bionis.fr\/es\/wp-json\/wp\/v2\/types\/product"}],"wp:featuredmedia":[{"embeddable":true,"href":"https:\/\/www.bionis.fr\/es\/wp-json\/wp\/v2\/media\/5021"}],"wp:attachment":[{"href":"https:\/\/www.bionis.fr\/es\/wp-json\/wp\/v2\/media?parent=5884"}],"wp:term":[{"taxonomy":"product_brand","embeddable":true,"href":"https:\/\/www.bionis.fr\/es\/wp-json\/wp\/v2\/product_brand?post=5884"},{"taxonomy":"product_cat","embeddable":true,"href":"https:\/\/www.bionis.fr\/es\/wp-json\/wp\/v2\/product_cat?post=5884"},{"taxonomy":"product_tag","embeddable":true,"href":"https:\/\/www.bionis.fr\/es\/wp-json\/wp\/v2\/product_tag?post=5884"}],"curies":[{"name":"wp","href":"https:\/\/api.w.org\/{rel}","templated":true}]}}