{"id":7703,"date":"2026-02-25T09:21:54","date_gmt":"2026-02-25T08:21:54","guid":{"rendered":"https:\/\/www.bionis.fr\/produit\/sistema-de-captura-de-imagenes-hptlc-providoc-dd90\/"},"modified":"2026-02-25T09:21:54","modified_gmt":"2026-02-25T08:21:54","slug":"sistema-de-captura-de-imagenes-hptlc-providoc-dd90","status":"publish","type":"product","link":"https:\/\/www.bionis.fr\/es\/produit\/sistema-de-captura-de-imagenes-hptlc-providoc-dd90\/","title":{"rendered":"Sistema de captura de im\u00e1genes HPTLC Providoc\u00a9 DD90"},"content":{"rendered":"<p>La nueva <strong>cabina de iluminaci\u00f3n HPTLC Providoc DD90<\/strong> est\u00e1 equipada con 2 LED de luz blanca EPI, 1 LED de luz blanca por transmisi\u00f3n, as\u00ed como 2 LED UV de 254 nm, 2 LED UV de 365 nm, 4 LED UV de 310 nm, 2 LED UV de 395 nm y una l\u00e1mpara de luz blanca para lectura por transmisi\u00f3n, todo ello acompa\u00f1ado de los <strong>filtros <\/strong><strong>adecuados<\/strong>.<\/p>\n<p>Las im\u00e1genes se visualizan directamente en la pantalla de su PC gracias al software espec\u00edfico Argus X3.<\/p>\n<p>Las im\u00e1genes se procesan con el <strong>software <\/strong><strong>de<\/strong> im\u00e1genes<sup> <strong>Argus X3<\/strong>\u00a9.<\/sup><\/p>\n<p>Posibilidad de a\u00f1adir anotaciones, marcas de zona, escala Rf<\/p>\n<p>El Providoc\u00a9 DD90 cumple con la norma CF21 Parte 11 (opcional).<\/p>\n<p><strong>Opci\u00f3n<\/strong>: certificados IQ\/OQ<\/p>\n<p><strong>Especificaciones t\u00e9cnicas:<\/strong><\/p>\n<p>Superficie de detecci\u00f3n: hasta 200 x 200 mm<\/p>\n<p><strong><em>Iluminaci\u00f3n superior<\/em><\/strong><\/p>\n<ul>\n<li>Lumi\u00e8re blanche: 2 x 1 LEDs lumi\u00e8re blanche<\/li>\n<li>UV254 nm: 2 x 1 Hg LEDs<\/li>\n<li>UV310 nm: 4 x 2 Hg LEDs<\/li>\n<li>UV365 nm: 2 x 1 Hg LEDs<\/li>\n<li>UV395 nm: 2 x 1 Hg LEDs<\/li>\n<\/ul>\n<p><strong><em>Iluminaci\u00f3n inferior:<\/em><\/strong><\/p>\n<ul>\n<li>Luz blanca: 2 x 1 LED de transmisi\u00f3n de luz blanca<\/li>\n<\/ul>\n<p>Alimentaci\u00f3n: 110 &#8211; 230 V, 50 &#8211; 60 Hz<\/p>\n<p>Dimensiones (P x H x L): 400 x 460 x 510 mm<\/p>\n<p>Peso: 17,5 kg<\/p>\n<p>&nbsp;<\/p>\n","protected":false},"excerpt":{"rendered":"<p><strong>Referencia: BS147.013<\/strong><br \/>\nEs el aparato m\u00e1s reciente de la gama <strong>Bionis<\/strong>.<br \/>\nCaptura la imagen de la placa gracias a su <strong>c\u00e1mara CMOS <\/strong>de alta resoluci\u00f3n (<strong>19,7 millones de p\u00edxeles<\/strong>) equipada con un objetivo de alto rendimiento.<br \/>\nSu <strong>alta sensibilidad <\/strong>permite detectar fluorescencias d\u00e9biles.<br \/>\nFicha t\u00e9cnica DD90<\/p>\n<p>&nbsp;<\/p>\n","protected":false},"featured_media":7687,"template":"","meta":[],"product_brand":[],"product_cat":[175],"product_tag":[],"class_list":{"0":"post-7703","1":"product","2":"type-product","3":"status-publish","4":"has-post-thumbnail","6":"product_cat-captura-de-imagenes-ccfar","8":"first","9":"instock","10":"taxable","11":"shipping-taxable","12":"product-type-simple"},"yoast_head":"<!-- This site is optimized with the Yoast SEO plugin v27.3 - https:\/\/yoast.com\/product\/yoast-seo-wordpress\/ -->\n<title>Sistema de captura de im\u00e1genes HPTLC Providoc\u00a9 DD90 - Bionis<\/title>\n<meta name=\"description\" content=\"Referencia: BS147.013 Es el aparato m\u00e1s reciente de la gama Bionis. Captura la imagen de la placa gracias a su c\u00e1mara CMOS de alta resoluci\u00f3n (19,7 millones de p\u00edxeles) equipada con un objetivo de alto rendimiento. Su alta sensibilidad permite detectar fluorescencias d\u00e9biles. Ficha t\u00e9cnica DD90 &nbsp;\" \/>\n<meta name=\"robots\" content=\"index, follow, max-snippet:-1, max-image-preview:large, max-video-preview:-1\" \/>\n<link rel=\"canonical\" href=\"https:\/\/www.bionis.fr\/es\/produit\/sistema-de-captura-de-imagenes-hptlc-providoc-dd90\/\" \/>\n<meta property=\"og:locale\" content=\"es_ES\" \/>\n<meta property=\"og:type\" content=\"article\" \/>\n<meta property=\"og:title\" content=\"Sistema de captura de im\u00e1genes HPTLC Providoc\u00a9 DD90 - Bionis\" \/>\n<meta property=\"og:description\" content=\"Referencia: BS147.013 Es el aparato m\u00e1s reciente de la gama Bionis. Captura la imagen de la placa gracias a su c\u00e1mara CMOS de alta resoluci\u00f3n (19,7 millones de p\u00edxeles) equipada con un objetivo de alto rendimiento. Su alta sensibilidad permite detectar fluorescencias d\u00e9biles. Ficha t\u00e9cnica DD90 &nbsp;\" \/>\n<meta property=\"og:url\" content=\"https:\/\/www.bionis.fr\/es\/produit\/sistema-de-captura-de-imagenes-hptlc-providoc-dd90\/\" \/>\n<meta property=\"og:site_name\" content=\"Bionis\" \/>\n<meta property=\"og:image\" content=\"https:\/\/www.bionis.fr\/wp-content\/uploads\/2026\/02\/Providoc-DD90-2.png\" \/>\n\t<meta property=\"og:image:width\" content=\"1000\" \/>\n\t<meta property=\"og:image:height\" content=\"1066\" \/>\n\t<meta property=\"og:image:type\" content=\"image\/png\" \/>\n<meta name=\"twitter:card\" content=\"summary_large_image\" \/>\n<meta name=\"twitter:label1\" content=\"Tiempo de lectura\" \/>\n\t<meta name=\"twitter:data1\" content=\"1 minuto\" \/>\n<script type=\"application\/ld+json\" class=\"yoast-schema-graph\">{\"@context\":\"https:\\\/\\\/schema.org\",\"@graph\":[{\"@type\":\"WebPage\",\"@id\":\"https:\\\/\\\/www.bionis.fr\\\/es\\\/produit\\\/sistema-de-captura-de-imagenes-hptlc-providoc-dd90\\\/\",\"url\":\"https:\\\/\\\/www.bionis.fr\\\/es\\\/produit\\\/sistema-de-captura-de-imagenes-hptlc-providoc-dd90\\\/\",\"name\":\"Sistema de captura de im\u00e1genes HPTLC Providoc\u00a9 DD90 - Bionis\",\"isPartOf\":{\"@id\":\"https:\\\/\\\/www.bionis.fr\\\/#website\"},\"primaryImageOfPage\":{\"@id\":\"https:\\\/\\\/www.bionis.fr\\\/es\\\/produit\\\/sistema-de-captura-de-imagenes-hptlc-providoc-dd90\\\/#primaryimage\"},\"image\":{\"@id\":\"https:\\\/\\\/www.bionis.fr\\\/es\\\/produit\\\/sistema-de-captura-de-imagenes-hptlc-providoc-dd90\\\/#primaryimage\"},\"thumbnailUrl\":\"https:\\\/\\\/www.bionis.fr\\\/wp-content\\\/uploads\\\/2026\\\/02\\\/Providoc-DD90-2.png\",\"datePublished\":\"2026-02-25T08:21:54+00:00\",\"description\":\"Referencia: BS147.013 Es el aparato m\u00e1s reciente de la gama Bionis. Captura la imagen de la placa gracias a su c\u00e1mara CMOS de alta resoluci\u00f3n (19,7 millones de p\u00edxeles) equipada con un objetivo de alto rendimiento. Su alta sensibilidad permite detectar fluorescencias d\u00e9biles. Ficha t\u00e9cnica DD90 &nbsp;\",\"breadcrumb\":{\"@id\":\"https:\\\/\\\/www.bionis.fr\\\/es\\\/produit\\\/sistema-de-captura-de-imagenes-hptlc-providoc-dd90\\\/#breadcrumb\"},\"inLanguage\":\"es\",\"potentialAction\":[{\"@type\":\"ReadAction\",\"target\":[\"https:\\\/\\\/www.bionis.fr\\\/es\\\/produit\\\/sistema-de-captura-de-imagenes-hptlc-providoc-dd90\\\/\"]}]},{\"@type\":\"ImageObject\",\"inLanguage\":\"es\",\"@id\":\"https:\\\/\\\/www.bionis.fr\\\/es\\\/produit\\\/sistema-de-captura-de-imagenes-hptlc-providoc-dd90\\\/#primaryimage\",\"url\":\"https:\\\/\\\/www.bionis.fr\\\/wp-content\\\/uploads\\\/2026\\\/02\\\/Providoc-DD90-2.png\",\"contentUrl\":\"https:\\\/\\\/www.bionis.fr\\\/wp-content\\\/uploads\\\/2026\\\/02\\\/Providoc-DD90-2.png\",\"width\":1000,\"height\":1066,\"caption\":\"Documentation system HPTLC\"},{\"@type\":\"BreadcrumbList\",\"@id\":\"https:\\\/\\\/www.bionis.fr\\\/es\\\/produit\\\/sistema-de-captura-de-imagenes-hptlc-providoc-dd90\\\/#breadcrumb\",\"itemListElement\":[{\"@type\":\"ListItem\",\"position\":1,\"name\":\"Accueil\",\"item\":\"https:\\\/\\\/www.bionis.fr\\\/es\\\/\"},{\"@type\":\"ListItem\",\"position\":2,\"name\":\"Productos\",\"item\":\"https:\\\/\\\/www.bionis.fr\\\/es\\\/tienda\\\/\"},{\"@type\":\"ListItem\",\"position\":3,\"name\":\"Sistema de captura de im\u00e1genes HPTLC Providoc\u00a9 DD90\"}]},{\"@type\":\"WebSite\",\"@id\":\"https:\\\/\\\/www.bionis.fr\\\/#website\",\"url\":\"https:\\\/\\\/www.bionis.fr\\\/\",\"name\":\"Bionis\",\"description\":\"La soluci\u00f3n de cromatograf\u00eda en capa fina\",\"publisher\":{\"@id\":\"https:\\\/\\\/www.bionis.fr\\\/#organization\"},\"potentialAction\":[{\"@type\":\"SearchAction\",\"target\":{\"@type\":\"EntryPoint\",\"urlTemplate\":\"https:\\\/\\\/www.bionis.fr\\\/?s={search_term_string}\"},\"query-input\":{\"@type\":\"PropertyValueSpecification\",\"valueRequired\":true,\"valueName\":\"search_term_string\"}}],\"inLanguage\":\"es\"},{\"@type\":\"Organization\",\"@id\":\"https:\\\/\\\/www.bionis.fr\\\/#organization\",\"name\":\"Bionis\",\"url\":\"https:\\\/\\\/www.bionis.fr\\\/\",\"logo\":{\"@type\":\"ImageObject\",\"inLanguage\":\"es\",\"@id\":\"https:\\\/\\\/www.bionis.fr\\\/#\\\/schema\\\/logo\\\/image\\\/\",\"url\":\"https:\\\/\\\/www.bionis.fr\\\/wp-content\\\/uploads\\\/2020\\\/07\\\/bionis-logo.png\",\"contentUrl\":\"https:\\\/\\\/www.bionis.fr\\\/wp-content\\\/uploads\\\/2020\\\/07\\\/bionis-logo.png\",\"width\":500,\"height\":125,\"caption\":\"Bionis\"},\"image\":{\"@id\":\"https:\\\/\\\/www.bionis.fr\\\/#\\\/schema\\\/logo\\\/image\\\/\"},\"sameAs\":[\"https:\\\/\\\/www.linkedin.com\\\/company\\\/bionis-sas?originalSubdomain=fr\"]}]}<\/script>\n<!-- \/ Yoast SEO plugin. -->","yoast_head_json":{"title":"Sistema de captura de im\u00e1genes HPTLC Providoc\u00a9 DD90 - Bionis","description":"Referencia: BS147.013 Es el aparato m\u00e1s reciente de la gama Bionis. Captura la imagen de la placa gracias a su c\u00e1mara CMOS de alta resoluci\u00f3n (19,7 millones de p\u00edxeles) equipada con un objetivo de alto rendimiento. Su alta sensibilidad permite detectar fluorescencias d\u00e9biles. Ficha t\u00e9cnica DD90 &nbsp;","robots":{"index":"index","follow":"follow","max-snippet":"max-snippet:-1","max-image-preview":"max-image-preview:large","max-video-preview":"max-video-preview:-1"},"canonical":"https:\/\/www.bionis.fr\/es\/produit\/sistema-de-captura-de-imagenes-hptlc-providoc-dd90\/","og_locale":"es_ES","og_type":"article","og_title":"Sistema de captura de im\u00e1genes HPTLC Providoc\u00a9 DD90 - Bionis","og_description":"Referencia: BS147.013 Es el aparato m\u00e1s reciente de la gama Bionis. Captura la imagen de la placa gracias a su c\u00e1mara CMOS de alta resoluci\u00f3n (19,7 millones de p\u00edxeles) equipada con un objetivo de alto rendimiento. Su alta sensibilidad permite detectar fluorescencias d\u00e9biles. Ficha t\u00e9cnica DD90 &nbsp;","og_url":"https:\/\/www.bionis.fr\/es\/produit\/sistema-de-captura-de-imagenes-hptlc-providoc-dd90\/","og_site_name":"Bionis","og_image":[{"width":1000,"height":1066,"url":"https:\/\/www.bionis.fr\/wp-content\/uploads\/2026\/02\/Providoc-DD90-2.png","type":"image\/png"}],"twitter_card":"summary_large_image","twitter_misc":{"Tiempo de lectura":"1 minuto"},"schema":{"@context":"https:\/\/schema.org","@graph":[{"@type":"WebPage","@id":"https:\/\/www.bionis.fr\/es\/produit\/sistema-de-captura-de-imagenes-hptlc-providoc-dd90\/","url":"https:\/\/www.bionis.fr\/es\/produit\/sistema-de-captura-de-imagenes-hptlc-providoc-dd90\/","name":"Sistema de captura de im\u00e1genes HPTLC Providoc\u00a9 DD90 - Bionis","isPartOf":{"@id":"https:\/\/www.bionis.fr\/#website"},"primaryImageOfPage":{"@id":"https:\/\/www.bionis.fr\/es\/produit\/sistema-de-captura-de-imagenes-hptlc-providoc-dd90\/#primaryimage"},"image":{"@id":"https:\/\/www.bionis.fr\/es\/produit\/sistema-de-captura-de-imagenes-hptlc-providoc-dd90\/#primaryimage"},"thumbnailUrl":"https:\/\/www.bionis.fr\/wp-content\/uploads\/2026\/02\/Providoc-DD90-2.png","datePublished":"2026-02-25T08:21:54+00:00","description":"Referencia: BS147.013 Es el aparato m\u00e1s reciente de la gama Bionis. Captura la imagen de la placa gracias a su c\u00e1mara CMOS de alta resoluci\u00f3n (19,7 millones de p\u00edxeles) equipada con un objetivo de alto rendimiento. Su alta sensibilidad permite detectar fluorescencias d\u00e9biles. Ficha t\u00e9cnica DD90 &nbsp;","breadcrumb":{"@id":"https:\/\/www.bionis.fr\/es\/produit\/sistema-de-captura-de-imagenes-hptlc-providoc-dd90\/#breadcrumb"},"inLanguage":"es","potentialAction":[{"@type":"ReadAction","target":["https:\/\/www.bionis.fr\/es\/produit\/sistema-de-captura-de-imagenes-hptlc-providoc-dd90\/"]}]},{"@type":"ImageObject","inLanguage":"es","@id":"https:\/\/www.bionis.fr\/es\/produit\/sistema-de-captura-de-imagenes-hptlc-providoc-dd90\/#primaryimage","url":"https:\/\/www.bionis.fr\/wp-content\/uploads\/2026\/02\/Providoc-DD90-2.png","contentUrl":"https:\/\/www.bionis.fr\/wp-content\/uploads\/2026\/02\/Providoc-DD90-2.png","width":1000,"height":1066,"caption":"Documentation system HPTLC"},{"@type":"BreadcrumbList","@id":"https:\/\/www.bionis.fr\/es\/produit\/sistema-de-captura-de-imagenes-hptlc-providoc-dd90\/#breadcrumb","itemListElement":[{"@type":"ListItem","position":1,"name":"Accueil","item":"https:\/\/www.bionis.fr\/es\/"},{"@type":"ListItem","position":2,"name":"Productos","item":"https:\/\/www.bionis.fr\/es\/tienda\/"},{"@type":"ListItem","position":3,"name":"Sistema de captura de im\u00e1genes HPTLC Providoc\u00a9 DD90"}]},{"@type":"WebSite","@id":"https:\/\/www.bionis.fr\/#website","url":"https:\/\/www.bionis.fr\/","name":"Bionis","description":"La soluci\u00f3n de cromatograf\u00eda en capa fina","publisher":{"@id":"https:\/\/www.bionis.fr\/#organization"},"potentialAction":[{"@type":"SearchAction","target":{"@type":"EntryPoint","urlTemplate":"https:\/\/www.bionis.fr\/?s={search_term_string}"},"query-input":{"@type":"PropertyValueSpecification","valueRequired":true,"valueName":"search_term_string"}}],"inLanguage":"es"},{"@type":"Organization","@id":"https:\/\/www.bionis.fr\/#organization","name":"Bionis","url":"https:\/\/www.bionis.fr\/","logo":{"@type":"ImageObject","inLanguage":"es","@id":"https:\/\/www.bionis.fr\/#\/schema\/logo\/image\/","url":"https:\/\/www.bionis.fr\/wp-content\/uploads\/2020\/07\/bionis-logo.png","contentUrl":"https:\/\/www.bionis.fr\/wp-content\/uploads\/2020\/07\/bionis-logo.png","width":500,"height":125,"caption":"Bionis"},"image":{"@id":"https:\/\/www.bionis.fr\/#\/schema\/logo\/image\/"},"sameAs":["https:\/\/www.linkedin.com\/company\/bionis-sas?originalSubdomain=fr"]}]}},"_links":{"self":[{"href":"https:\/\/www.bionis.fr\/es\/wp-json\/wp\/v2\/product\/7703","targetHints":{"allow":["GET"]}}],"collection":[{"href":"https:\/\/www.bionis.fr\/es\/wp-json\/wp\/v2\/product"}],"about":[{"href":"https:\/\/www.bionis.fr\/es\/wp-json\/wp\/v2\/types\/product"}],"wp:featuredmedia":[{"embeddable":true,"href":"https:\/\/www.bionis.fr\/es\/wp-json\/wp\/v2\/media\/7687"}],"wp:attachment":[{"href":"https:\/\/www.bionis.fr\/es\/wp-json\/wp\/v2\/media?parent=7703"}],"wp:term":[{"taxonomy":"product_brand","embeddable":true,"href":"https:\/\/www.bionis.fr\/es\/wp-json\/wp\/v2\/product_brand?post=7703"},{"taxonomy":"product_cat","embeddable":true,"href":"https:\/\/www.bionis.fr\/es\/wp-json\/wp\/v2\/product_cat?post=7703"},{"taxonomy":"product_tag","embeddable":true,"href":"https:\/\/www.bionis.fr\/es\/wp-json\/wp\/v2\/product_tag?post=7703"}],"curies":[{"name":"wp","href":"https:\/\/api.w.org\/{rel}","templated":true}]}}